{"id":4091,"date":"2016-06-16T09:39:39","date_gmt":"2016-06-16T09:39:39","guid":{"rendered":"http:\/\/fonspitius.com.es\/es\/?page_id=4091"},"modified":"2025-05-26T09:50:12","modified_gmt":"2025-05-26T07:50:12","slug":"memorias-anuales","status":"publish","type":"page","link":"https:\/\/fonspitius.org\/es\/memorias-anuales\/","title":{"rendered":"Memorias anuales"},"content":{"rendered":"<div class=\"fusion-fullwidth fullwidth-box fusion-builder-row-1 hundred-percent-fullwidth non-hundred-percent-height-scrolling\" style=\"--awb-border-radius-top-left:0px;--awb-border-radius-top-right:0px;--awb-border-radius-bottom-right:0px;--awb-border-radius-bottom-left:0px;--awb-overflow:visible;--awb-flex-wrap:wrap;\" ><div class=\"fusion-builder-row fusion-row\"><div class=\"fusion-layout-column fusion_builder_column fusion-builder-column-0 fusion_builder_column_1_1 1_1 fusion-one-full fusion-column-first fusion-column-last\" style=\"--awb-bg-size:cover;\"><div class=\"fusion-column-wrapper fusion-flex-column-wrapper-legacy\"><div class=\"fusion-text fusion-text-1\"><p style=\"text-align: justify;\">El Fons publica cada a\u00f1o una versi\u00f3n reducida de su memoria de actividades. \u00c9sta incluye los principales acuerdos tomados por la Asamblea, el listado de los proyectos de cooperaci\u00f3n aprobados, un resumen de las actividades de Educaci\u00f3n para la Transformaci\u00f3n Social realizadas, as\u00ed como la informaci\u00f3n econ\u00f3mica de la asociaci\u00f3n.<\/p>\n<p>Se puede consultar tambi\u00e9n la memoria t\u00e9cnica y econ\u00f3mica completa de este \u00faltimo a\u00f1o en el <a href=\"https:\/\/fonspitius.org\/es\/espacio-de-transparencia\/\" target=\"_blank\" rel=\"noopener\">portal de transparencia<\/a>.<\/p>\n<\/div><div class=\"fusion-clearfix\"><\/div><\/div><\/div><div class=\"fusion-layout-column fusion_builder_column fusion-builder-column-1 fusion_builder_column_1_4 1_4 fusion-one-fourth fusion-column-first\" style=\"--awb-bg-size:cover;width:22%; margin-right: 4%;\"><div class=\"fusion-column-wrapper fusion-flex-column-wrapper-legacy\"><div class=\"fusion-text fusion-text-2\"><ul>\n<li><a href=\"https:\/\/fonspitius.org\/wp-content\/uploads\/Memoria_2024_web.pdf\" target=\"_blank\" rel=\"noopener\">Memoria 2024<\/a><\/li>\n<li><a href=\"https:\/\/fonspitius.org\/wp-content\/uploads\/Memoria-2023-final_web.pdf\" target=\"_blank\" rel=\"noopener\">Memoria 2023<\/a><\/li>\n<li><a href=\"https:\/\/fonspitius.org\/wp-content\/uploads\/Memoria22_web.pdf\" target=\"_blank\" rel=\"noopener\">Memoria 2022<\/a><\/li>\n<li><a href=\"http:\/\/fonspitius.org\/wp-content\/uploads\/Memoria21_web.pdf\" target=\"_blank\" rel=\"noopener\">Memoria 2021<\/a><\/li>\n<li><a href=\"http:\/\/fonspitius.org\/wp-content\/uploads\/PITIUS-Memoria-2020-DIGITAL-V2.pdf\" target=\"_blank\" rel=\"noopener\">Memoria 2020<\/a><\/li>\n<li><a href=\"https:\/\/fonspitius.org\/wp-content\/uploads\/Memoria_2019_definitiva_web.pdf\" target=\"_blank\" rel=\"noopener noreferrer\">Memoria 2019<\/a><\/li>\n<\/ul>\n<\/div><div class=\"fusion-clearfix\"><\/div><\/div><\/div><div class=\"fusion-layout-column fusion_builder_column fusion-builder-column-2 fusion_builder_column_1_4 1_4 fusion-one-fourth\" style=\"--awb-bg-size:cover;width:22%; margin-right: 4%;\"><div class=\"fusion-column-wrapper fusion-flex-column-wrapper-legacy\"><div class=\"fusion-text fusion-text-3\"><ul>\n<li><a href=\"https:\/\/fonspitius.org\/wp-content\/uploads\/web_FP0119_Memoria18_FonsPitius.pdf\" target=\"_blank\" rel=\"noopener noreferrer\">Memoria 2018<\/a><\/li>\n<li><a href=\"https:\/\/fonspitius.org\/wp-content\/uploads\/Memoria_definitiva2017_web.pdf\" target=\"_blank\" rel=\"noopener noreferrer\">Memoria 2017<\/a><\/li>\n<li><a href=\"https:\/\/fonspitius.org\/wp-content\/uploads\/memoria_format_web.pdf\" target=\"_blank\" rel=\"noopener noreferrer\">Memoria 2016<\/a><\/li>\n<li><a href=\"https:\/\/fonspitius.org\/wp-content\/uploads\/MEMORIA-2015.pdf\" target=\"_blank\" rel=\"noopener noreferrer\">Memoria 2015<\/a><\/li>\n<li><a href=\"https:\/\/fonspitius.org\/wp-content\/uploads\/memoria_2014.pdf\" target=\"_blank\" rel=\"noopener noreferrer\">Memoria 2014<\/a><\/li>\n<li><a href=\"https:\/\/fonspitius.org\/wp-content\/uploads\/102_ca_memoria13ok.pdf\" target=\"_blank\" rel=\"noopener noreferrer\">Memoria 2013<\/a><\/li>\n<li style=\"list-style-type: none;\"><\/li>\n<\/ul>\n<\/div><div class=\"fusion-clearfix\"><\/div><\/div><\/div><div class=\"fusion-layout-column fusion_builder_column fusion-builder-column-3 fusion_builder_column_1_4 1_4 fusion-one-fourth\" style=\"--awb-bg-size:cover;width:22%; margin-right: 4%;\"><div class=\"fusion-column-wrapper fusion-flex-column-wrapper-legacy\"><div class=\"fusion-text fusion-text-4\"><ul>\n<li><a href=\"https:\/\/fonspitius.org\/wp-content\/uploads\/101_ca_memoria12.pdf\" target=\"_blank\" rel=\"noopener noreferrer\">Memoria 2012<\/a><\/li>\n<li><a href=\"https:\/\/fonspitius.org\/wp-content\/uploads\/96_ca_memoria2012web.pdf\" target=\"_blank\" rel=\"noopener noreferrer\">Memoria 2011<\/a><\/li>\n<li><a href=\"https:\/\/fonspitius.org\/wp-content\/uploads\/95_ca_memoria2011web.pdf\" target=\"_blank\" rel=\"noopener noreferrer\">Memoria 2010<\/a><\/li>\n<li><a href=\"https:\/\/fonspitius.org\/wp-content\/uploads\/94_ca_memoria2010web.pdf\" target=\"_blank\" rel=\"noopener noreferrer\">Memoria 2009<\/a><\/li>\n<li><a href=\"https:\/\/fonspitius.org\/wp-content\/uploads\/82_ca_memoria2008.pdf\" target=\"_blank\" rel=\"noopener noreferrer\">Memoria 2008<\/a><\/li>\n<li><a href=\"https:\/\/fonspitius.org\/wp-content\/uploads\/81_ca_memoria2007.pdf\" target=\"_blank\" rel=\"noopener noreferrer\">Memoria 2007<\/a><\/li>\n<\/ul>\n<\/div><div class=\"fusion-clearfix\"><\/div><\/div><\/div><div class=\"fusion-layout-column fusion_builder_column fusion-builder-column-4 fusion_builder_column_1_4 1_4 fusion-one-fourth fusion-column-last\" style=\"--awb-bg-size:cover;width:22%;\"><div class=\"fusion-column-wrapper fusion-flex-column-wrapper-legacy\"><div class=\"fusion-text fusion-text-5\"><ul>\n<li><a href=\"https:\/\/fonspitius.org\/wp-content\/uploads\/64_ca_memoria2007perweb.pdf\" target=\"_blank\" rel=\"noopener noreferrer\">Memoria 2006<\/a><\/li>\n<li><a href=\"https:\/\/fonspitius.org\/wp-content\/uploads\/mem\u00f2ria-2005.pdf\" target=\"_blank\" rel=\"noopener noreferrer\">Memoria 2005<\/a><\/li>\n<li><a href=\"https:\/\/fonspitius.org\/wp-content\/uploads\/18_ca_memoria2005.pdf\" target=\"_blank\" rel=\"noopener noreferrer\">Memoria 2004<\/a><\/li>\n<li><a href=\"https:\/\/fonspitius.org\/wp-content\/uploads\/29_ca_microsoftwordmemoria2003.pdf\" target=\"_blank\" rel=\"noopener noreferrer\">Memoria 2003<\/a><\/li>\n<li><a href=\"https:\/\/fonspitius.org\/wp-content\/uploads\/28_ca_microsoftwordmemoria20022.pdf\" target=\"_blank\" rel=\"noopener noreferrer\">Memoria 2002<\/a><\/li>\n<li><a href=\"https:\/\/fonspitius.org\/wp-content\/uploads\/27_ca_microsoftwordmemoria20012.pdf\" target=\"_blank\" rel=\"noopener noreferrer\">Memoria 2001<\/a><\/li>\n<li><a href=\"https:\/\/fonspitius.org\/wp-content\/uploads\/26_ca_memoria2000.pdf\" target=\"_blank\" rel=\"noopener noreferrer\">Memoria 2000<\/a><\/li>\n<\/ul>\n<\/div><div class=\"fusion-clearfix\"><\/div><\/div><\/div><\/div><\/div>\n","protected":false},"excerpt":{"rendered":"","protected":false},"author":2,"featured_media":0,"parent":0,"menu_order":0,"comment_status":"closed","ping_status":"closed","template":"","meta":{"_acf_changed":false,"footnotes":""},"class_list":["post-4091","page","type-page","status-publish","hentry"],"acf":[],"_links":{"self":[{"href":"https:\/\/fonspitius.org\/es\/wp-json\/wp\/v2\/pages\/4091","targetHints":{"allow":["GET"]}}],"collection":[{"href":"https:\/\/fonspitius.org\/es\/wp-json\/wp\/v2\/pages"}],"about":[{"href":"https:\/\/fonspitius.org\/es\/wp-json\/wp\/v2\/types\/page"}],"author":[{"embeddable":true,"href":"https:\/\/fonspitius.org\/es\/wp-json\/wp\/v2\/users\/2"}],"replies":[{"embeddable":true,"href":"https:\/\/fonspitius.org\/es\/wp-json\/wp\/v2\/comments?post=4091"}],"version-history":[{"count":0,"href":"https:\/\/fonspitius.org\/es\/wp-json\/wp\/v2\/pages\/4091\/revisions"}],"wp:attachment":[{"href":"https:\/\/fonspitius.org\/es\/wp-json\/wp\/v2\/media?parent=4091"}],"curies":[{"name":"wp","href":"https:\/\/api.w.org\/{rel}","templated":true}]}}