{"id":4089,"date":"2016-06-16T09:39:28","date_gmt":"2016-06-16T09:39:28","guid":{"rendered":"http:\/\/fonspitius.com.es\/es\/?page_id=4089"},"modified":"2026-03-03T13:57:58","modified_gmt":"2026-03-03T12:57:58","slug":"biblioteca-viajera","status":"publish","type":"page","link":"https:\/\/fonspitius.org\/es\/biblioteca-viajera\/","title":{"rendered":"Biblioteca viajera"},"content":{"rendered":"<div class=\"fusion-fullwidth fullwidth-box fusion-builder-row-1 hundred-percent-fullwidth non-hundred-percent-height-scrolling\" style=\"--awb-border-radius-top-left:0px;--awb-border-radius-top-right:0px;--awb-border-radius-bottom-right:0px;--awb-border-radius-bottom-left:0px;--awb-overflow:visible;--awb-flex-wrap:wrap;\" ><div class=\"fusion-builder-row fusion-row\"><div class=\"fusion-layout-column fusion_builder_column fusion-builder-column-0 fusion_builder_column_1_5 1_5 fusion-one-fifth fusion-column-first\" style=\"--awb-bg-size:cover;width:16.8%; margin-right: 4%;\"><div class=\"fusion-column-wrapper fusion-flex-column-wrapper-legacy\"><div class=\"fusion-widget-area awb-widget-area-element fusion-widget-area-1 fusion-content-widget-area\" style=\"--awb-title-size:18px;--awb-title-color:#00a1de;--awb-padding:0px 0px 0px 0px;\"><div id=\"nav_menu-11\" class=\"widget widget_nav_menu\"><div class=\"menu-recursos-ca-container\"><ul id=\"menu-recursos-ca\" class=\"menu\"><li id=\"menu-item-5568\" class=\"menu-item menu-item-type-post_type menu-item-object-page current_page_parent menu-item-5568\"><a href=\"https:\/\/fonspitius.org\/actualitat\/\">Actualidad<\/a><\/li>\n<li id=\"menu-item-4392\" class=\"menu-item menu-item-type-post_type menu-item-object-page menu-item-4392\"><a href=\"https:\/\/fonspitius.org\/biblioteca\/\">Biblioteca del Fons<\/a><\/li>\n<li id=\"menu-item-4395\" class=\"menu-item menu-item-type-post_type menu-item-object-page menu-item-4395\"><a href=\"https:\/\/fonspitius.org\/biblioteca-viatgera\/\">Biblioteca viajera<\/a><\/li>\n<li id=\"menu-item-4391\" class=\"menu-item menu-item-type-post_type menu-item-object-page menu-item-4391\"><a href=\"https:\/\/fonspitius.org\/memories-anuals\/\">Memorias anuales<\/a><\/li>\n<li id=\"menu-item-4394\" class=\"menu-item menu-item-type-post_type menu-item-object-page menu-item-4394\"><a href=\"https:\/\/fonspitius.org\/xarxes-socials\/\">Redes sociales<\/a><\/li>\n<li id=\"menu-item-4393\" class=\"menu-item menu-item-type-post_type menu-item-object-page menu-item-4393\"><a href=\"https:\/\/fonspitius.org\/webs-dinteres\/\">Webs de inter\u00e9s<\/a><\/li>\n<\/ul><\/div><\/div><div class=\"fusion-additional-widget-content\"><\/div><\/div><div class=\"fusion-clearfix\"><\/div><\/div><\/div><div class=\"fusion-layout-column fusion_builder_column fusion-builder-column-1 fusion_builder_column_4_5 4_5 fusion-four-fifth fusion-column-last\" style=\"--awb-bg-size:cover;width:79.2%;\"><div class=\"fusion-column-wrapper fusion-flex-column-wrapper-legacy\"><div class=\"fusion-text fusion-text-1\"><p style=\"text-align: justify;\">El concepto de <strong>Biblioteca Viajera<\/strong> nace de la idea de dar a conocer la Biblioteca del Fons, facilitando as\u00ed su acceso a toda la ciudadan\u00eda pitiusa.<\/p>\n<p style=\"text-align: justify;\">Cada a\u00f1o parten desde nuestra sede tres selecciones de libros, elegidas espec\u00edficamente seg\u00fan el contexto actual y centradas en los diferentes \u00e1mbitos por los cuales trabajamos desde nuestras \u00e1reas de Cooperaci\u00f3n y de Educaci\u00f3n para la Transformaci\u00f3n Social: Derechos Humanos, cultura de paz, consumo responsable, igualdad de g\u00e9nero, cambio clim\u00e1tico, econom\u00eda alternativa, migraciones, educaci\u00f3n ambiental, educaci\u00f3n en valores, interculturalidad&#8230;<\/p>\n<p style=\"text-align: justify;\">Dos de estas selecciones viajar\u00e1n por centros educativos de Ibiza y Formentera a lo largo del curso escolar y otra ir\u00e1 visitando cada mes las bibliotecas p\u00fablicas de las Pitiusas.<\/p>\n<p style=\"text-align: justify;\"><img decoding=\"async\" class=\"aligncenter wp-image-11423 size-fusion-600\" src=\"https:\/\/fonspitius.org\/wp-content\/uploads\/BIBLIOTECA-VIATGERA-BLANCO-COLOR-600x336.jpg\" alt=\"\" width=\"600\" height=\"336\" srcset=\"https:\/\/fonspitius.org\/wp-content\/uploads\/BIBLIOTECA-VIATGERA-BLANCO-COLOR-200x112.jpg 200w, https:\/\/fonspitius.org\/wp-content\/uploads\/BIBLIOTECA-VIATGERA-BLANCO-COLOR-300x168.jpg 300w, https:\/\/fonspitius.org\/wp-content\/uploads\/BIBLIOTECA-VIATGERA-BLANCO-COLOR-310x175.jpg 310w, https:\/\/fonspitius.org\/wp-content\/uploads\/BIBLIOTECA-VIATGERA-BLANCO-COLOR-400x224.jpg 400w, https:\/\/fonspitius.org\/wp-content\/uploads\/BIBLIOTECA-VIATGERA-BLANCO-COLOR-600x336.jpg 600w, https:\/\/fonspitius.org\/wp-content\/uploads\/BIBLIOTECA-VIATGERA-BLANCO-COLOR-800x448.jpg 800w, https:\/\/fonspitius.org\/wp-content\/uploads\/BIBLIOTECA-VIATGERA-BLANCO-COLOR-1024x573.jpg 1024w, https:\/\/fonspitius.org\/wp-content\/uploads\/BIBLIOTECA-VIATGERA-BLANCO-COLOR-1200x672.jpg 1200w, https:\/\/fonspitius.org\/wp-content\/uploads\/BIBLIOTECA-VIATGERA-BLANCO-COLOR.jpg 1375w\" sizes=\"(max-width: 600px) 100vw, 600px\" \/><\/p>\n<h3><\/h3>\n<h3 style=\"text-align: justify;\">1. Informa&#8217;t a Fons<\/h3>\n<p style=\"text-align: justify;\">Selecci\u00f3n anual de ensayos, literatura infantil y pel\u00edculas, que desde enero a diciembre recorre diferentes bibliotecas p\u00fablicas de Ibiza y Formentera. La primera edici\u00f3n de <em>Informa&#8217;t a Fons<\/em> parti\u00f3 en 2012 y a\u00f1o tras a\u00f1o ha ido ampliando su recorrido por las islas. Desde el Fons Piti\u00fas de Cooperaci\u00f3, deseamos que cada nueva edici\u00f3n de esta biblioteca sea una puerta abierta a la reflexi\u00f3n, as\u00ed como una gu\u00eda poder pasar a la acci\u00f3n y llevar a nuestro d\u00eda a d\u00eda el cambio ecosocial necesario para sostener la vida.<\/p>\n<p style=\"text-align: justify;\">Ampl\u00eda informaci\u00f3n sobre la actual edici\u00f3n de <a href=\"https:\/\/fonspitius.org\/es\/sensibilizacion\/biblioteca-viajera-informat-a-fons\/\" target=\"_blank\" rel=\"noopener\"><em>Informa&#8217;t a Fons<\/em><\/a> y su calendario de viaje.<\/p>\n<h3>2. Tatam el m\u00f3n<\/h3>\n<p style=\"text-align: justify;\">Durante el curso 2022-23 pusimos en marcha\u00a0<em>Tatam el m\u00f3n<\/em>. Una selecci\u00f3n de cuentos para aproximar los contenidos de la EpTS a los ni\u00f1os y ni\u00f1as de 0 a 5 a\u00f1os. Esta biblioteca viajera, renovada cada a\u00f1o escolar, recorre los centros con etapa de educaci\u00f3n infantil que colaboran con el Fons Piti\u00fas en la Educaci\u00f3n Transformadora.<\/p>\n<p>Amplia informaci\u00f3n sobre <a href=\"https:\/\/fonspitius.org\/es\/sensibilizacion\/biblioteca-viajera-tatam-el-mon\/\" target=\"_blank\" rel=\"noopener\"><em>Tatam el m\u00f3n<\/em><\/a>.<\/p>\n<h3>3.\u00a0Llegim el m\u00f3n<\/h3>\n<p style=\"text-align: justify;\">Compilaci\u00f3n de cuentos destinados a ni\u00f1os y ni\u00f1as de 6 a 11 a\u00f1os, que pretenden ser un apoyo para trabajar tem\u00e1ticas claves en la EpTS como son el cuidado del medio ambiente, la coeducaci\u00f3n, la educaci\u00f3n en valores, la interculturalidad, la cultura de paz o las migraciones. Desde el 2011\/12,\u00a0 cada curso escolar, una nueva edici\u00f3n de esta biblioteca viajera transita por los centros de primaria que colaboran con el Fons Piti\u00fas en la Educaci\u00f3n Transformadora.<\/p>\n<p style=\"text-align: justify;\">Ampl\u00eda informaci\u00f3n sobre <a href=\"https:\/\/fonspitius.org\/es\/sensibilizacion\/biblioteca-viajera-llegim-el-mon-edicion-2021-2022\/\" target=\"_blank\" rel=\"noopener\"><em>Llegim el m\u00f3n<\/em><\/a> y la edici\u00f3n de este curso.<\/p>\n<h3 style=\"text-align: justify;\">4. Comprenem el m\u00f3n?<\/h3>\n<p style=\"text-align: justify;\">Es la biblioteca viajera m\u00e1s reciente, puesta en marcha durante el curso 205\/26. Concebida para acercar los temas de relevancia social y medioambiental a la poblaci\u00f3n joven, se ofrece a los centros de educaci\u00f3n secundaria que colaboran con el Fons Piti\u00fas de Cooperaci\u00f3.<\/p>\n<p style=\"text-align: justify;\">Ampl\u00eda informaci\u00f3n sobre <a href=\"https:\/\/fonspitius.org\/es\/sensibilizacion\/biblioteca-viajera-comprenem-el-mon\/\" target=\"_blank\" rel=\"noopener\"><em>Comprenem el m\u00f3n?<\/em><\/a>.<\/p>\n<\/div><div class=\"fusion-image-element in-legacy-container\" style=\"--awb-caption-title-font-family:var(--h2_typography-font-family);--awb-caption-title-font-weight:var(--h2_typography-font-weight);--awb-caption-title-font-style:var(--h2_typography-font-style);--awb-caption-title-size:var(--h2_typography-font-size);--awb-caption-title-transform:var(--h2_typography-text-transform);--awb-caption-title-line-height:var(--h2_typography-line-height);--awb-caption-title-letter-spacing:var(--h2_typography-letter-spacing);\"><span class=\" fusion-imageframe imageframe-none imageframe-1 hover-type-none\"> <\/span><\/div><div class=\"fusion-clearfix\"><\/div><\/div><\/div><\/div><\/div>\n","protected":false},"excerpt":{"rendered":"","protected":false},"author":2,"featured_media":0,"parent":0,"menu_order":0,"comment_status":"closed","ping_status":"closed","template":"","meta":{"_acf_changed":false,"footnotes":""},"class_list":["post-4089","page","type-page","status-publish","hentry"],"acf":[],"_links":{"self":[{"href":"https:\/\/fonspitius.org\/es\/wp-json\/wp\/v2\/pages\/4089","targetHints":{"allow":["GET"]}}],"collection":[{"href":"https:\/\/fonspitius.org\/es\/wp-json\/wp\/v2\/pages"}],"about":[{"href":"https:\/\/fonspitius.org\/es\/wp-json\/wp\/v2\/types\/page"}],"author":[{"embeddable":true,"href":"https:\/\/fonspitius.org\/es\/wp-json\/wp\/v2\/users\/2"}],"replies":[{"embeddable":true,"href":"https:\/\/fonspitius.org\/es\/wp-json\/wp\/v2\/comments?post=4089"}],"version-history":[{"count":3,"href":"https:\/\/fonspitius.org\/es\/wp-json\/wp\/v2\/pages\/4089\/revisions"}],"predecessor-version":[{"id":17702,"href":"https:\/\/fonspitius.org\/es\/wp-json\/wp\/v2\/pages\/4089\/revisions\/17702"}],"wp:attachment":[{"href":"https:\/\/fonspitius.org\/es\/wp-json\/wp\/v2\/media?parent=4089"}],"curies":[{"name":"wp","href":"https:\/\/api.w.org\/{rel}","templated":true}]}}