{"id":4088,"date":"2016-06-16T09:39:12","date_gmt":"2016-06-16T09:39:12","guid":{"rendered":"http:\/\/fonspitius.com.es\/es\/?page_id=4088"},"modified":"2022-10-31T12:45:22","modified_gmt":"2022-10-31T12:45:22","slug":"biblioteca","status":"publish","type":"page","link":"https:\/\/fonspitius.org\/es\/biblioteca\/","title":{"rendered":"Biblioteca del Fons"},"content":{"rendered":"<div class=\"fusion-fullwidth fullwidth-box fusion-builder-row-1 hundred-percent-fullwidth non-hundred-percent-height-scrolling\" style=\"--awb-border-radius-top-left:0px;--awb-border-radius-top-right:0px;--awb-border-radius-bottom-right:0px;--awb-border-radius-bottom-left:0px;--awb-overflow:visible;--awb-flex-wrap:wrap;\" ><div class=\"fusion-builder-row fusion-row\"><div class=\"fusion-layout-column fusion_builder_column fusion-builder-column-0 fusion_builder_column_1_5 1_5 fusion-one-fifth fusion-column-first\" style=\"--awb-bg-size:cover;width:16.8%; margin-right: 4%;\"><div class=\"fusion-column-wrapper fusion-flex-column-wrapper-legacy\"><div class=\"fusion-widget-area awb-widget-area-element fusion-widget-area-1 fusion-content-widget-area\" style=\"--awb-title-size:18px;--awb-title-color:#00a1de;--awb-padding:0px 0px 0px 0px;\"><div id=\"nav_menu-11\" class=\"widget widget_nav_menu\"><div class=\"menu-recursos-ca-container\"><ul id=\"menu-recursos-ca\" class=\"menu\"><li id=\"menu-item-5568\" class=\"menu-item menu-item-type-post_type menu-item-object-page current_page_parent menu-item-5568\"><a href=\"https:\/\/fonspitius.org\/actualitat\/\">Actualidad<\/a><\/li>\n<li id=\"menu-item-4392\" class=\"menu-item menu-item-type-post_type menu-item-object-page menu-item-4392\"><a href=\"https:\/\/fonspitius.org\/biblioteca\/\">Biblioteca del Fons<\/a><\/li>\n<li id=\"menu-item-4395\" class=\"menu-item menu-item-type-post_type menu-item-object-page menu-item-4395\"><a href=\"https:\/\/fonspitius.org\/biblioteca-viatgera\/\">Biblioteca viajera<\/a><\/li>\n<li id=\"menu-item-4391\" class=\"menu-item menu-item-type-post_type menu-item-object-page menu-item-4391\"><a href=\"https:\/\/fonspitius.org\/memories-anuals\/\">Memorias anuales<\/a><\/li>\n<li id=\"menu-item-4394\" class=\"menu-item menu-item-type-post_type menu-item-object-page menu-item-4394\"><a href=\"https:\/\/fonspitius.org\/xarxes-socials\/\">Redes sociales<\/a><\/li>\n<li id=\"menu-item-4393\" class=\"menu-item menu-item-type-post_type menu-item-object-page menu-item-4393\"><a href=\"https:\/\/fonspitius.org\/webs-dinteres\/\">Webs de inter\u00e9s<\/a><\/li>\n<\/ul><\/div><\/div><div class=\"fusion-additional-widget-content\"><\/div><\/div><div class=\"fusion-clearfix\"><\/div><\/div><\/div><div class=\"fusion-layout-column fusion_builder_column fusion-builder-column-1 fusion_builder_column_4_5 4_5 fusion-four-fifth fusion-column-last\" style=\"--awb-bg-size:cover;width:79.2%;\"><div class=\"fusion-column-wrapper fusion-flex-column-wrapper-legacy\"><div class=\"fusion-text fusion-text-1\"><p><img decoding=\"async\" class=\"aligncenter wp-image-10219 size-large\" src=\"https:\/\/fonspitius.org\/wp-content\/uploads\/biblioteca-e1661864241430-1024x517.jpg\" alt=\"\" width=\"1024\" height=\"517\" srcset=\"https:\/\/fonspitius.org\/wp-content\/uploads\/biblioteca-e1661864241430-200x101.jpg 200w, https:\/\/fonspitius.org\/wp-content\/uploads\/biblioteca-e1661864241430-300x151.jpg 300w, https:\/\/fonspitius.org\/wp-content\/uploads\/biblioteca-e1661864241430-400x202.jpg 400w, https:\/\/fonspitius.org\/wp-content\/uploads\/biblioteca-e1661864241430-540x272.jpg 540w, https:\/\/fonspitius.org\/wp-content\/uploads\/biblioteca-e1661864241430-600x303.jpg 600w, https:\/\/fonspitius.org\/wp-content\/uploads\/biblioteca-e1661864241430-800x404.jpg 800w, https:\/\/fonspitius.org\/wp-content\/uploads\/biblioteca-e1661864241430-1024x517.jpg 1024w, https:\/\/fonspitius.org\/wp-content\/uploads\/biblioteca-e1661864241430-1200x606.jpg 1200w, https:\/\/fonspitius.org\/wp-content\/uploads\/biblioteca-e1661864241430-1536x776.jpg 1536w\" sizes=\"(max-width: 1024px) 100vw, 1024px\" \/><\/p>\n<p style=\"text-align: justify;\">El Fons Piti\u00fas dispone de una biblioteca especializada para que la poblaci\u00f3n pitiusa pueda profundizar y ampliar conocimientos sobre Derechos Humanos, cooperaci\u00f3n, cultura de paz, consumo consciente, igualdad de g\u00e9nero, medio ambiente y cambio clim\u00e1tico, comercio justo y econom\u00eda alternativa.<\/p>\n<p style=\"text-align: justify;\">Adem\u00e1s, desde abril de 2021 y gracias a un convenio con el Consell d&#8217;Eivissa, nuestro fondo bibliogr\u00e1fico es introducido en el Cat\u00e1logo Bibliogr\u00e1fico de las Islas Baleares (CABIB). Por lo tanto, pod\u00e9is consultar nuestros libros, juegos, CD y DVD en la web <a href=\"https:\/\/cabib.uib.es\/\" target=\"_blank\" rel=\"noopener\">https:\/\/cabib.uib.es\/<\/a><\/p>\n<\/div><div class=\"fusion-alert alert general alert-info fusion-alert-left awb-alert-native-link-color alert-dismissable awb-alert-close-boxed\" role=\"alert\"><div class=\"fusion-alert-content-wrapper\"><span class=\"alert-icon\"><i class=\"awb-icon-info-circle\" aria-hidden=\"true\"><\/i><\/span><span class=\"fusion-alert-content\"><p style=\"text-align: justify;\"><strong>HORARIO:\u00a0 \u00a0<\/strong><\/p>\n<ul>\n<li><strong style=\"text-align: justify;\">De septiembre a junio<\/strong><span style=\"text-align: justify;\"> (excepto Navidad y Semana Santa): de lunes a viernes, de 8 a 15h; tardes, con cita previa.<\/span><\/li>\n<li><strong style=\"text-align: justify;\">Verano (julio y agosto), Navidad y Semana Santa<\/strong><span style=\"text-align: justify;\">:\u00a0 de lunes a viernes, de 8 a 15 h.<\/span><\/li>\n<\/ul>\n<p style=\"text-align: justify;\"><strong>CONTACTO<\/strong>:\u00a0 971 39 02 98 \/ educacio@fonspitius.org.<\/p>\n<p style=\"text-align: justify;\"><strong>UBICACI\u00d3N<\/strong>:\u00a0 <a href=\"https:\/\/goo.gl\/maps\/Ns7tAzCzd4cFBCHW6\" target=\"_blank\" rel=\"noopener\">Carrer Arxiduc Llu\u00eds Salvador, 19 baixos, d\u2019Eivissa.<\/a><\/p><\/span><\/div><button type=\"button\" class=\"close toggle-alert\" data-dismiss=\"alert\" aria-label=\"Close\">&times;<\/button><\/div><div class=\"fusion-title title fusion-title-1 fusion-sep-none fusion-title-text fusion-title-size-four\" style=\"--awb-margin-top:30px;--awb-margin-bottom:15px;--awb-margin-top-small:0px;--awb-margin-right-small:0px;--awb-margin-bottom-small:20px;--awb-margin-left-small:0px;\"><h4 class=\"fusion-title-heading title-heading-left fusion-responsive-typography-calculated\" style=\"margin:0;--fontSize:18;--minFontSize:18;line-height:1.33;\"><h4>\u00bfQui\u00e9n puede acceder?<\/h4><\/h4><\/div><div class=\"fusion-text fusion-text-2\"><p style=\"text-align: justify;\">Es de acceso libre para todas aquellas personas que deseen utilizarlo.<\/p>\n<\/div><div class=\"fusion-title title fusion-title-2 fusion-sep-none fusion-title-text fusion-title-size-four\" style=\"--awb-margin-top:30px;--awb-margin-bottom:15px;--awb-margin-top-small:0px;--awb-margin-right-small:0px;--awb-margin-bottom-small:20px;--awb-margin-left-small:0px;\"><h4 class=\"fusion-title-heading title-heading-left fusion-responsive-typography-calculated\" style=\"margin:0;--fontSize:18;--minFontSize:18;line-height:1.33;\"><h4>\u00bfA qui\u00e9n va dirigido?<\/h4><\/h4><\/div><div class=\"fusion-text fusion-text-3\"><p style=\"text-align: justify;\">Puede resultar de utilidad para personas de \u00e1mbitos y de edades muy diferentes: profesionales del \u00e1mbito social y ONG, madres y padres, ni\u00f1os y ni\u00f1as, j\u00f3venes, profesionales de la educaci\u00f3n, y, en general, cualquier persona interesada en estas cuestiones.<\/p>\n<\/div><div class=\"fusion-title title fusion-title-3 fusion-sep-none fusion-title-text fusion-title-size-four\" style=\"--awb-margin-top:30px;--awb-margin-bottom:15px;--awb-margin-top-small:0px;--awb-margin-right-small:0px;--awb-margin-bottom-small:20px;--awb-margin-left-small:0px;\"><h4 class=\"fusion-title-heading title-heading-left fusion-responsive-typography-calculated\" style=\"margin:0;--fontSize:18;--minFontSize:18;line-height:1.33;\"><h4>\u00bfQu\u00e9 hay en ella?<\/h4><\/h4><\/div><div class=\"fusion-text fusion-text-4\"><ul>\n<li style=\"text-align: justify;\">Libros de ensayo<\/li>\n<li style=\"text-align: justify;\">Revistas especializadas<\/li>\n<li style=\"text-align: justify;\">Documentales y pel\u00edculas<\/li>\n<li style=\"text-align: justify;\">Libros infantiles y juveniles<\/li>\n<li style=\"text-align: justify;\">Material de apoyo educativo<\/li>\n<\/ul>\n<\/div><div class=\"fusion-title title fusion-title-4 fusion-sep-none fusion-title-text fusion-title-size-four\" style=\"--awb-margin-top:30px;--awb-margin-bottom:15px;--awb-margin-top-small:0px;--awb-margin-right-small:0px;--awb-margin-bottom-small:20px;--awb-margin-left-small:0px;\"><h4 class=\"fusion-title-heading title-heading-left fusion-responsive-typography-calculated\" style=\"margin:0;--fontSize:18;--minFontSize:18;line-height:1.33;\"><h4>\u00bfQu\u00e9 servicios ofrece?<\/h4><\/h4><\/div><div class=\"fusion-text fusion-text-5\"><ul>\n<li style=\"text-align: justify;\">Pr\u00e9stamo (por un per\u00edodo de 15 d\u00edas)<\/li>\n<li style=\"text-align: justify;\">Consulta, durante todo el horario de apertura del Fons Piti\u00fas<\/li>\n<li style=\"text-align: justify;\">Informaci\u00f3n y orientaci\u00f3n bibliogr\u00e1fica, de forma directa, por tel\u00e9fono (971 39 02 98) o por correo electr\u00f3nico (educacio@fonspitius.org).<\/li>\n<\/ul>\n<\/div><div class=\"fusion-clearfix\"><\/div><\/div><\/div><\/div><\/div>\n","protected":false},"excerpt":{"rendered":"","protected":false},"author":2,"featured_media":0,"parent":0,"menu_order":0,"comment_status":"closed","ping_status":"closed","template":"","meta":{"_acf_changed":false,"footnotes":""},"class_list":["post-4088","page","type-page","status-publish","hentry"],"acf":[],"_links":{"self":[{"href":"https:\/\/fonspitius.org\/es\/wp-json\/wp\/v2\/pages\/4088","targetHints":{"allow":["GET"]}}],"collection":[{"href":"https:\/\/fonspitius.org\/es\/wp-json\/wp\/v2\/pages"}],"about":[{"href":"https:\/\/fonspitius.org\/es\/wp-json\/wp\/v2\/types\/page"}],"author":[{"embeddable":true,"href":"https:\/\/fonspitius.org\/es\/wp-json\/wp\/v2\/users\/2"}],"replies":[{"embeddable":true,"href":"https:\/\/fonspitius.org\/es\/wp-json\/wp\/v2\/comments?post=4088"}],"version-history":[{"count":0,"href":"https:\/\/fonspitius.org\/es\/wp-json\/wp\/v2\/pages\/4088\/revisions"}],"wp:attachment":[{"href":"https:\/\/fonspitius.org\/es\/wp-json\/wp\/v2\/media?parent=4088"}],"curies":[{"name":"wp","href":"https:\/\/api.w.org\/{rel}","templated":true}]}}