{"id":4086,"date":"2016-06-16T09:38:45","date_gmt":"2016-06-16T09:38:45","guid":{"rendered":"http:\/\/fonspitius.com.es\/es\/?page_id=4086"},"modified":"2025-12-12T11:33:17","modified_gmt":"2025-12-12T10:33:17","slug":"confederacion-de-fondos-de-cooperacion-y-solidaridad","status":"publish","type":"page","link":"https:\/\/fonspitius.org\/es\/confederacion-de-fondos-de-cooperacion-y-solidaridad\/","title":{"rendered":"Confederaci\u00f3n de Fondos de cooperaci\u00f3n y solidaridad"},"content":{"rendered":"<div class=\"fusion-fullwidth fullwidth-box fusion-builder-row-1 hundred-percent-fullwidth non-hundred-percent-height-scrolling\" style=\"--awb-border-radius-top-left:0px;--awb-border-radius-top-right:0px;--awb-border-radius-bottom-right:0px;--awb-border-radius-bottom-left:0px;--awb-overflow:visible;--awb-flex-wrap:wrap;\" ><div class=\"fusion-builder-row fusion-row\"><div class=\"fusion-layout-column fusion_builder_column fusion-builder-column-0 fusion_builder_column_1_5 1_5 fusion-one-fifth fusion-column-first\" style=\"--awb-bg-size:cover;width:16.8%; margin-right: 4%;\"><div class=\"fusion-column-wrapper fusion-flex-column-wrapper-legacy\"><div class=\"fusion-widget-area awb-widget-area-element fusion-widget-area-1 fusion-content-widget-area\" style=\"--awb-title-size:18px;--awb-title-color:#00a1de;--awb-padding:0px 0px 0px 0px;\"><div id=\"nav_menu-10\" class=\"widget widget_nav_menu\"><div class=\"menu-coordinacio-ca-container\"><ul id=\"menu-coordinacio-ca\" class=\"menu\"><li id=\"menu-item-4385\" class=\"menu-item menu-item-type-post_type menu-item-object-page menu-item-4385\"><a href=\"https:\/\/fonspitius.org\/coordinacio-a-les-illes-balears\/\">Coordinaci\u00f3n en las Islas Baleares<\/a><\/li>\n<li id=\"menu-item-4386\" class=\"menu-item menu-item-type-post_type menu-item-object-page menu-item-4386\"><a href=\"https:\/\/fonspitius.org\/confederacio-de-fons-de-cooperacio-i-solidaritat\/\">Confederaci\u00f3n de Fondos de cooperaci\u00f3n y solidaridad<\/a><\/li>\n<li id=\"menu-item-4387\" class=\"menu-item menu-item-type-post_type menu-item-object-page menu-item-4387\"><a href=\"https:\/\/fonspitius.org\/associacio-europea-per-a-la-democracia-local-alda\/\">Asociaci\u00f3n Europea para la democracia local (ALDA)<\/a><\/li>\n<\/ul><\/div><\/div><div class=\"fusion-additional-widget-content\"><\/div><\/div><div class=\"fusion-clearfix\"><\/div><\/div><\/div><div class=\"fusion-layout-column fusion_builder_column fusion-builder-column-1 fusion_builder_column_4_5 4_5 fusion-four-fifth fusion-column-last\" style=\"--awb-bg-size:cover;width:79.2%;\"><div class=\"fusion-column-wrapper fusion-flex-column-wrapper-legacy\"><div class=\"fusion-text fusion-text-1\"><p style=\"text-align: justify;\">La Confederaci\u00f3n de Fondos de Cooperaci\u00f3n y Solidaridad (<a class=\"linkBlanc11px\" title=\"La Confederaci\u00f3 de Fons de Cooperaci\u00f3 i Solidaritat\" href=\"http:\/\/www.confederaciondefondos.org\" target=\"_blank\" rel=\"noopener noreferrer\">www.confederacionfondos.org<\/a>) es un marco de coordinaci\u00f3n y de representaci\u00f3n conjunta en todas aquellas tem\u00e1ticas que, por su importancia, afectan a los intereses comunes de los diferentes Fondos de Cooperaci\u00f3n y Solidaridad existentes en\u00a0Espa\u00f1a.<\/p>\n<p style=\"text-align: justify;\">Adem\u00e1s del Fons Piti\u00fas, actualmente, lo integran los siguientes fondos de cooperaci\u00f3n de todo el Estado:<\/p>\n<ul class=\"separate-elements\">\n<li style=\"text-align: justify;\"><a class=\"linkBlanc11px\" href=\"http:\/\/www.fonscatala.org\/\" target=\"_blank\" rel=\"noopener noreferrer\">Fons Catal\u00e0 de Cooperaci\u00f3 al Desenvolupament<\/a><\/li>\n<li style=\"text-align: justify;\"><a class=\"linkBlanc11px\" href=\"https:\/\/www.euskalfondoa.eus\/\" target=\"_blank\" rel=\"noopener noreferrer\">Euskal Fondoa<\/a><\/li>\n<li style=\"text-align: justify;\"><a class=\"linkBlanc11px\" href=\"http:\/\/www.fonsvalencia.org\/\" target=\"_blank\" rel=\"noopener noreferrer\">Fons Valenci\u00e0 per la Solidaritat<\/a><\/li>\n<li style=\"text-align: justify;\"><a class=\"linkBlanc11px\" href=\"http:\/\/www.fonsmallorqui.org\/\" target=\"_blank\" rel=\"noopener noreferrer\">Fons Mallorqu\u00ed de Solidaritat i Cooperaci\u00f3<\/a><\/li>\n<li style=\"text-align: justify;\"><a class=\"linkBlanc11px\" href=\"http:\/\/www.fonsmenorqui.org\/\" target=\"_blank\" rel=\"noopener noreferrer\">Fons Menorqu\u00ed de Cooperaci\u00f3<\/a><\/li>\n<li style=\"text-align: justify;\"><a class=\"linkBlanc11px\" href=\"https:\/\/fondogalego.gal\/\" target=\"_blank\" rel=\"noopener noreferrer\">Fondo Galego de Cooperaci\u00f3n e Solidariedade<\/a><\/li>\n<li style=\"text-align: justify;\"><a class=\"linkBlanc11px\" href=\"http:\/\/www.andaluciasolidaria.org\/\" target=\"_blank\" rel=\"noopener noreferrer\">Fondo Andaluz de Municipios para la Solidaridad Internacional<\/a><\/li>\n<li style=\"text-align: justify;\"><a class=\"linkBlanc11px\" href=\"http:\/\/www.felcode.org\/\" target=\"_blank\" rel=\"noopener noreferrer\">Fondo Extreme\u00f1o Local de Cooperaci\u00f3n al Desarrollo<\/a><\/li>\n<\/ul>\n<p><span style=\"color: #ffffff;\">.<\/span><\/p>\n<hr \/>\n<h4><strong>Videos 30\u00ba aniversario de la Confederaci\u00f3n de Fondos &#8211; diciembre 2025<\/strong><\/h4>\n<p style=\"text-align: justify;\"><a href=\"https:\/\/youtu.be\/3VqEW_mc2Pc?si=BDtnWUcYAiZjI5do\" target=\"_blank\" rel=\"noopener\">\u00a030 a\u00f1os de Confocos en voz de sus presidencias<\/a><\/p>\n<p style=\"text-align: justify;\"><a href=\"https:\/\/youtu.be\/CptGXKKOGuI?si=4ipqFelun4mC1PQT\" target=\"_blank\" rel=\"noopener\">30 a\u00f1os de Confocos!<\/a><\/p>\n<h4><strong>Audiovisual CHANGE DE WORLD &amp; PLAY &#8211; 25 de abril de 2020<\/strong><\/h4>\n<p style=\"text-align: justify;\">La Confederaci\u00f3n de Fondos lanza \u00ab<a href=\"https:\/\/youtu.be\/shuv-zoDK4Q\" target=\"_blank\" rel=\"noopener noreferrer\">CHANGE THE WORLD &amp; PLAY<\/a>\u00ab. Esta campa\u00f1a audiovisual, en la que participan ni\u00f1os de todo el mundo, reivindica el derecho fundamental de la infancia a disfrutar del juego al aire libre y exige un cambio de modelo en el mundo. La iniciativa quiere remarcar el esfuerzo que est\u00e1n haciendo los ni\u00f1os y las ni\u00f1as de todo el planeta, qued\u00e1ndose en casa debido al Covid-19, renunciando a jugar en las calles y priv\u00e1ndose de un derecho fundamental como es el de jugar en espacios abiertos. Los ni\u00f1os hacen este esfuerzo pero a cambio, reclaman que, cuando termine el confinamiento, el mundo se transforme y se haga un cambio real para poder seguir jugando con la m\u00e1xima equidad en todos los puntos del planeta.<\/p>\n<\/div><div class=\"fusion-clearfix\"><\/div><\/div><\/div><\/div><\/div>\n","protected":false},"excerpt":{"rendered":"","protected":false},"author":2,"featured_media":0,"parent":0,"menu_order":0,"comment_status":"closed","ping_status":"closed","template":"","meta":{"_acf_changed":false,"footnotes":""},"class_list":["post-4086","page","type-page","status-publish","hentry"],"acf":[],"_links":{"self":[{"href":"https:\/\/fonspitius.org\/es\/wp-json\/wp\/v2\/pages\/4086","targetHints":{"allow":["GET"]}}],"collection":[{"href":"https:\/\/fonspitius.org\/es\/wp-json\/wp\/v2\/pages"}],"about":[{"href":"https:\/\/fonspitius.org\/es\/wp-json\/wp\/v2\/types\/page"}],"author":[{"embeddable":true,"href":"https:\/\/fonspitius.org\/es\/wp-json\/wp\/v2\/users\/2"}],"replies":[{"embeddable":true,"href":"https:\/\/fonspitius.org\/es\/wp-json\/wp\/v2\/comments?post=4086"}],"version-history":[{"count":0,"href":"https:\/\/fonspitius.org\/es\/wp-json\/wp\/v2\/pages\/4086\/revisions"}],"wp:attachment":[{"href":"https:\/\/fonspitius.org\/es\/wp-json\/wp\/v2\/media?parent=4086"}],"curies":[{"name":"wp","href":"https:\/\/api.w.org\/{rel}","templated":true}]}}