{"id":4084,"date":"2016-06-16T09:38:23","date_gmt":"2016-06-16T09:38:23","guid":{"rendered":"http:\/\/fonspitius.com.es\/es\/?page_id=4084"},"modified":"2024-09-16T12:43:25","modified_gmt":"2024-09-16T10:43:25","slug":"trabajo-centros-educativos","status":"publish","type":"page","link":"https:\/\/fonspitius.org\/es\/educacion\/trabajo-centros-educativos\/","title":{"rendered":"Trabajo con centros educativos"},"content":{"rendered":"<div class=\"fusion-fullwidth fullwidth-box fusion-builder-row-1 hundred-percent-fullwidth non-hundred-percent-height-scrolling\" style=\"--awb-border-radius-top-left:0px;--awb-border-radius-top-right:0px;--awb-border-radius-bottom-right:0px;--awb-border-radius-bottom-left:0px;--awb-overflow:visible;--awb-flex-wrap:wrap;\" ><div class=\"fusion-builder-row fusion-row\"><div class=\"fusion-layout-column fusion_builder_column fusion-builder-column-0 fusion_builder_column_1_5 1_5 fusion-one-fifth fusion-column-first\" style=\"--awb-bg-blend:overlay;--awb-bg-size:cover;width:16.8%; margin-right: 4%;\"><div class=\"fusion-column-wrapper fusion-flex-column-wrapper-legacy\"><div class=\"fusion-widget-area awb-widget-area-element fusion-widget-area-1 fusion-content-widget-area\" style=\"--awb-title-size:18px;--awb-title-color:#00a1de;--awb-padding:0px 0px 0px 0px;\"><div id=\"nav_menu-9\" class=\"widget widget_nav_menu\"><div class=\"menu-sensibilitzacio-ca-spanish-2-container\"><ul id=\"menu-sensibilitzacio-ca-spanish-2\" class=\"menu\"><li id=\"menu-item-4543\" class=\"menu-item menu-item-type-post_type menu-item-object-page menu-item-has-children menu-item-4543\"><a href=\"https:\/\/fonspitius.org\/es\/educacion\/trabajo-centros-educativos\/\">Trabajo con centros educativos<\/a>\n<ul class=\"sub-menu\">\n\t<li id=\"menu-item-15304\" class=\"menu-item menu-item-type-post_type menu-item-object-page menu-item-has-children menu-item-15304\"><a href=\"https:\/\/fonspitius.org\/es\/educacion\/trabajo-centros-educativos\/aprendizaje-servicio\/\">Aprendizaje Servicio<\/a>\n\t<ul class=\"sub-menu\">\n\t\t<li id=\"menu-item-15480\" class=\"menu-item menu-item-type-post_type menu-item-object-page menu-item-15480\"><a href=\"https:\/\/fonspitius.org\/es\/educacion\/trabajo-centros-educativos\/aprendizaje-servicio\/aprendizaje-servicio-con-centros-de-educacion-infantil-y-primaria\/\">ApS con centros de infantil y primaria<\/a><\/li>\n\t\t<li id=\"menu-item-15481\" class=\"menu-item menu-item-type-post_type menu-item-object-page menu-item-15481\"><a href=\"https:\/\/fonspitius.org\/es\/educacion\/trabajo-centros-educativos\/aprendizaje-servicio\/15442-2\/\">ApS con institutos<\/a><\/li>\n\t<\/ul>\n<\/li>\n\t<li id=\"menu-item-13555\" class=\"menu-item menu-item-type-post_type menu-item-object-page menu-item-13555\"><a href=\"https:\/\/fonspitius.org\/es\/educacion\/actividades\/\">Actividades para alumnado y recursos educativos<\/a><\/li>\n\t<li id=\"menu-item-10860\" class=\"menu-item menu-item-type-post_type menu-item-object-page menu-item-10860\"><a href=\"https:\/\/fonspitius.org\/es\/educacion\/formacion-para-el-profesorado\/\">Formaci\u00f3n para profesorado<\/a><\/li>\n<\/ul>\n<\/li>\n<li id=\"menu-item-4541\" class=\"menu-item menu-item-type-post_type menu-item-object-page menu-item-4541\"><a href=\"https:\/\/fonspitius.org\/es\/educacion\/campanas\/\">Campa\u00f1as<\/a><\/li>\n<\/ul><\/div><\/div><div class=\"fusion-additional-widget-content\"><\/div><\/div><div class=\"fusion-clearfix\"><\/div><\/div><\/div><div class=\"fusion-layout-column fusion_builder_column fusion-builder-column-1 fusion_builder_column_4_5 4_5 fusion-four-fifth fusion-column-last\" style=\"--awb-bg-blend:overlay;--awb-bg-size:cover;width:79.2%;\"><div class=\"fusion-column-wrapper fusion-flex-column-wrapper-legacy\"><div class=\"fusion-text fusion-text-1\"><p style=\"text-align: justify;\">El ODS 4 de la Agenda 2030 de Naciones Unidas apunta a la necesidad de una educaci\u00f3n de calidad, la cual \u00abha de asegurar que todo el alumnado adquiera los conocimientos necesarios para promover el desarrollo sostenible: derechos humanos, igualdad de g\u00e9nero, promoci\u00f3n de la cultura de paz y no-violencia, valoraci\u00f3n de la diversidad cultural, etc.\u00bb<\/p>\n<p style=\"text-align: justify;\">Desde el \u00e1rea de educaci\u00f3n del Fons Piti\u00fas actuamos para contribuir a la consecuci\u00f3n de este objetivo, colaborando con centros de ense\u00f1anza comprometidos en la construcci\u00f3n de un mundo respetuoso con los derechos fundamentales de las personas y del medio natural. Derechos que promovemos desde <a href=\"https:\/\/fonspitius.org\/es\/que-hacemos\/\" target=\"_blank\" rel=\"noopener\">los dos ejes estrat\u00e9gicos<\/a> que gu\u00edan toda nuestra acci\u00f3n, tambi\u00e9n la educativa: <strong>migraciones y sostenibilidad medioambiental<\/strong>.<\/p>\n<p style=\"text-align: justify;\">Para ello, proporcionamos <a href=\"https:\/\/fonspitius.org\/es\/educacion\/actividades-para-el-alumnado-y-recursos-educativos\/\" target=\"_blank\" rel=\"noopener\">recursos y actividades<\/a> espec\u00edficas para escuelas e institutos, ofrecemos <a href=\"https:\/\/fonspitius.org\/es\/educacion\/formacion-para-el-profesorado\/\" target=\"_blank\" rel=\"noopener\">formaci\u00f3n para profesorado<\/a> e impulsamos el desarrollo de proyectos de <a href=\"https:\/\/fonspitius.org\/es\/educacion\/trabajo-centros-educativos\/aprendizaje-servicio\/\" target=\"_blank\" rel=\"noopener\">Aprendizaje Servicio<\/a>, donde el alumnado se convierte en verdadero agente de cambio social. <span style=\"text-align: justify;\">Porque la experiencia nos ha mostrado que <\/span><strong><span style=\"text-align: justify;\">la educaci\u00f3n realmente transformadora es aquella que se integra en la pr\u00e1ctica diaria, a trav\u00e9s del trabajo cooperativo y <\/span>en estrecha relaci\u00f3n con la comunidad.<\/strong><\/p>\n<\/div><div class=\"fusion-clearfix\"><\/div><\/div><\/div><\/div><\/div>\n","protected":false},"excerpt":{"rendered":"","protected":false},"author":2,"featured_media":0,"parent":3451,"menu_order":1,"comment_status":"closed","ping_status":"closed","template":"","meta":{"_acf_changed":false,"footnotes":""},"class_list":["post-4084","page","type-page","status-publish","hentry"],"acf":[],"_links":{"self":[{"href":"https:\/\/fonspitius.org\/es\/wp-json\/wp\/v2\/pages\/4084","targetHints":{"allow":["GET"]}}],"collection":[{"href":"https:\/\/fonspitius.org\/es\/wp-json\/wp\/v2\/pages"}],"about":[{"href":"https:\/\/fonspitius.org\/es\/wp-json\/wp\/v2\/types\/page"}],"author":[{"embeddable":true,"href":"https:\/\/fonspitius.org\/es\/wp-json\/wp\/v2\/users\/2"}],"replies":[{"embeddable":true,"href":"https:\/\/fonspitius.org\/es\/wp-json\/wp\/v2\/comments?post=4084"}],"version-history":[{"count":0,"href":"https:\/\/fonspitius.org\/es\/wp-json\/wp\/v2\/pages\/4084\/revisions"}],"up":[{"embeddable":true,"href":"https:\/\/fonspitius.org\/es\/wp-json\/wp\/v2\/pages\/3451"}],"wp:attachment":[{"href":"https:\/\/fonspitius.org\/es\/wp-json\/wp\/v2\/media?parent=4084"}],"curies":[{"name":"wp","href":"https:\/\/api.w.org\/{rel}","templated":true}]}}