{"id":4081,"date":"2016-06-16T09:35:41","date_gmt":"2016-06-16T09:35:41","guid":{"rendered":"http:\/\/fonspitius.com.es\/es\/?page_id=4081"},"modified":"2025-07-02T13:41:51","modified_gmt":"2025-07-02T11:41:51","slug":"campanas","status":"publish","type":"page","link":"https:\/\/fonspitius.org\/es\/educacion\/campanas\/","title":{"rendered":"Campa\u00f1as"},"content":{"rendered":"<div class=\"fusion-fullwidth fullwidth-box fusion-builder-row-1 hundred-percent-fullwidth non-hundred-percent-height-scrolling\" style=\"--awb-border-radius-top-left:0px;--awb-border-radius-top-right:0px;--awb-border-radius-bottom-right:0px;--awb-border-radius-bottom-left:0px;--awb-overflow:visible;--awb-flex-wrap:wrap;\" ><div class=\"fusion-builder-row fusion-row\"><div class=\"fusion-layout-column fusion_builder_column fusion-builder-column-0 fusion_builder_column_1_5 1_5 fusion-one-fifth fusion-column-first\" style=\"--awb-bg-size:cover;width:16.8%; margin-right: 4%;\"><div class=\"fusion-column-wrapper fusion-flex-column-wrapper-legacy\"><div class=\"fusion-widget-area awb-widget-area-element fusion-widget-area-1 fusion-content-widget-area\" style=\"--awb-title-size:18px;--awb-title-color:#00a1de;--awb-padding:0px 0px 0px 0px;\"><div id=\"nav_menu-9\" class=\"widget widget_nav_menu\"><div class=\"menu-sensibilitzacio-ca-spanish-2-container\"><ul id=\"menu-sensibilitzacio-ca-spanish-2\" class=\"menu\"><li id=\"menu-item-4543\" class=\"menu-item menu-item-type-post_type menu-item-object-page menu-item-has-children menu-item-4543\"><a href=\"https:\/\/fonspitius.org\/es\/educacion\/trabajo-centros-educativos\/\">Trabajo con centros educativos<\/a>\n<ul class=\"sub-menu\">\n\t<li id=\"menu-item-15304\" class=\"menu-item menu-item-type-post_type menu-item-object-page menu-item-has-children menu-item-15304\"><a href=\"https:\/\/fonspitius.org\/es\/educacion\/trabajo-centros-educativos\/aprendizaje-servicio\/\">Aprendizaje Servicio<\/a>\n\t<ul class=\"sub-menu\">\n\t\t<li id=\"menu-item-15480\" class=\"menu-item menu-item-type-post_type menu-item-object-page menu-item-15480\"><a href=\"https:\/\/fonspitius.org\/es\/educacion\/trabajo-centros-educativos\/aprendizaje-servicio\/aprendizaje-servicio-con-centros-de-educacion-infantil-y-primaria\/\">ApS con centros de infantil y primaria<\/a><\/li>\n\t\t<li id=\"menu-item-15481\" class=\"menu-item menu-item-type-post_type menu-item-object-page menu-item-15481\"><a href=\"https:\/\/fonspitius.org\/es\/educacion\/trabajo-centros-educativos\/aprendizaje-servicio\/15442-2\/\">ApS con institutos<\/a><\/li>\n\t<\/ul>\n<\/li>\n\t<li id=\"menu-item-13555\" class=\"menu-item menu-item-type-post_type menu-item-object-page menu-item-13555\"><a href=\"https:\/\/fonspitius.org\/es\/educacion\/actividades\/\">Actividades para alumnado y recursos educativos<\/a><\/li>\n\t<li id=\"menu-item-10860\" class=\"menu-item menu-item-type-post_type menu-item-object-page menu-item-10860\"><a href=\"https:\/\/fonspitius.org\/es\/educacion\/formacion-para-el-profesorado\/\">Formaci\u00f3n para profesorado<\/a><\/li>\n<\/ul>\n<\/li>\n<li id=\"menu-item-4541\" class=\"menu-item menu-item-type-post_type menu-item-object-page menu-item-4541\"><a href=\"https:\/\/fonspitius.org\/es\/educacion\/campanas\/\">Campa\u00f1as<\/a><\/li>\n<\/ul><\/div><\/div><div class=\"fusion-additional-widget-content\"><\/div><\/div><div class=\"fusion-clearfix\"><\/div><\/div><\/div><div class=\"fusion-layout-column fusion_builder_column fusion-builder-column-1 fusion_builder_column_4_5 4_5 fusion-four-fifth fusion-column-last\" style=\"--awb-bg-size:cover;width:79.2%;\"><div class=\"fusion-column-wrapper fusion-column-has-shadow fusion-flex-column-wrapper-legacy\"><div class=\"fusion-text fusion-text-1\" style=\"--awb-font-size:18px;--awb-line-height:1.5;--awb-letter-spacing:0.015em;--awb-text-font-family:&quot;Quicksand&quot;;--awb-text-font-style:normal;--awb-text-font-weight:500;\"><p style=\"text-align: justify;\">Las campa\u00f1as son para el Fons una herramienta m\u00e1s de EpTS, que pretende aumentar el alcance y la capacidad de incidencia de las actividades que realizamos m\u00e1s all\u00e1 del \u00e1mbito educativo. A trav\u00e9s de ellas, se organizan actividades en todos los municipios pitiusos, lo que potencia el arraigo del Fons al territorio y su nexo con todas las instituciones locales que son socias.<\/p>\n<p style=\"text-align: justify;\">Peri\u00f3dicamente la Asamblea escoge una tem\u00e1tica de campa\u00f1a, que ser\u00e1 tratada a partir de exposiciones, charlas, art\u00edculos en prensa, cursos u otras acciones destinadas a un p\u00fablico diverso en intereses, edad, \u00e1mbito profesional, etc.<\/p>\n<h3><a href=\"https:\/\/fonspitius.org\/es\/sensibilizacion\/2023-frente-al-racismo-y-la-xenofobia-actuamos\/\" target=\"_blank\" rel=\"noopener\">2023-2025. Frente al racismo y la xenofobia, \u00a1actuamos!<\/a><\/h3>\n<p><img decoding=\"async\" class=\"aligncenter wp-image-16633 size-large\" src=\"https:\/\/fonspitius.org\/wp-content\/uploads\/NOU-Banner-per-inici-web-1500-x-560-px-8-1-1024x382.jpg\" alt=\"\" width=\"1024\" height=\"382\" srcset=\"https:\/\/fonspitius.org\/wp-content\/uploads\/NOU-Banner-per-inici-web-1500-x-560-px-8-1-200x75.jpg 200w, https:\/\/fonspitius.org\/wp-content\/uploads\/NOU-Banner-per-inici-web-1500-x-560-px-8-1-300x112.jpg 300w, https:\/\/fonspitius.org\/wp-content\/uploads\/NOU-Banner-per-inici-web-1500-x-560-px-8-1-400x149.jpg 400w, https:\/\/fonspitius.org\/wp-content\/uploads\/NOU-Banner-per-inici-web-1500-x-560-px-8-1-600x224.jpg 600w, https:\/\/fonspitius.org\/wp-content\/uploads\/NOU-Banner-per-inici-web-1500-x-560-px-8-1-800x299.jpg 800w, https:\/\/fonspitius.org\/wp-content\/uploads\/NOU-Banner-per-inici-web-1500-x-560-px-8-1-1024x382.jpg 1024w, https:\/\/fonspitius.org\/wp-content\/uploads\/NOU-Banner-per-inici-web-1500-x-560-px-8-1-1200x448.jpg 1200w, https:\/\/fonspitius.org\/wp-content\/uploads\/NOU-Banner-per-inici-web-1500-x-560-px-8-1.jpg 1500w\" sizes=\"(max-width: 1024px) 100vw, 1024px\" \/><\/p>\n<h3>Campa\u00f1as anteriores<\/h3>\n<ul>\n<li><a href=\"https:\/\/fonspitius.org\/es\/sensibilizacion\/los-ods-como-herramienta-de-transformacion-social\/\" target=\"_blank\" rel=\"noopener\">2018-2022. Los ODS como herramienta de transformaci\u00f3n social.<\/a><\/li>\n<li><a href=\"https:\/\/fonspitius.org\/es\/sensibilizacion\/2016-el-viatge-incert-comprendre-les-migracions\/\" target=\"_blank\" rel=\"noopener\">2016-2017. El viaje incierto: conflictos y migraciones<\/a><\/li>\n<li><a href=\"https:\/\/fonspitius.org\/es\/sensibilizacion\/2014-ser-dona-avui\/\" target=\"_blank\" rel=\"noopener\">2014. Ser mujer hoy.<\/a><\/li>\n<li><a href=\"https:\/\/fonspitius.org\/es\/sensibilizacion\/2013-viure-amb-menys-per-viure-millor\/\" target=\"_blank\" rel=\"noopener\">2013. Vivir con menos para vivir mejor.<\/a><\/li>\n<li><a href=\"https:\/\/fonspitius.org\/es\/sensibilizacion\/2012-si-vols-la-pau-prepara-la\/\" target=\"_blank\" rel=\"noopener\">2012. Si quieres la paz, \u00a1prep\u00e1rala!<\/a><\/li>\n<li><a href=\"https:\/\/fonspitius.org\/es\/sensibilizacion\/2011-mou-te-amb-la-mediterrania\/\" target=\"_blank\" rel=\"noopener\">2011 \u00a1Mu\u00e9vete con el Mediterr\u00e1neo!<\/a><\/li>\n<li><a href=\"https:\/\/fonspitius.org\/es\/sensibilizacion\/2010-salud-derecho-o-negocio\/\" target=\"_blank\" rel=\"noopener\">2010. Salud, \u00bfderecho o negocio?<\/a><\/li>\n<li><a href=\"https:\/\/fonspitius.org\/es\/sensibilizacion\/2009-soberania-alimentaria-el-poder-de-decidir\/\" target=\"_blank\" rel=\"noopener\">2009. Sobirania aliment\u00e0ria: el poder de decidir<\/a><\/li>\n<li><a href=\"https:\/\/fonspitius.org\/es\/sensibilizacion\/2008-aigua-un-dret-i-una-responsabilitat-compartida-2\/\" target=\"_blank\" rel=\"noopener\">2008. Aigua, un dret i una responsabilitat compartida<\/a><\/li>\n<li><a href=\"https:\/\/fonspitius.org\/es\/sensibilizacion\/2007-el-viatge-incert-comprendre-les-migracions\/\" target=\"_blank\" rel=\"noopener\">2007. El viatge incert: comprendre les migracions<\/a><\/li>\n<li><a href=\"https:\/\/fonspitius.org\/es\/sensibilizacion\/2006-contra-la-pobresa-fes-te-sostenible\/\" target=\"_blank\" rel=\"noopener\">2006. Contra la pobresa: fes-te sostenible!<\/a><\/li>\n<li><a href=\"https:\/\/fonspitius.org\/es\/sensibilizacion\/2005-drets-humans-facem-los-realitat\/\" target=\"_blank\" rel=\"noopener\">2005. Drets Humans: facem-los realitat!<\/a><\/li>\n<li><a href=\"https:\/\/fonspitius.org\/es\/sensibilizacion\/2004-una-globalitzacio-mes-justa-lunic-cami-possible\/\" target=\"_blank\" rel=\"noopener\">2004. Una globalitzaci\u00f3 m\u00e9s justa, l\u2019\u00fanic cam\u00ed possible<\/a><\/li>\n<li><a href=\"https:\/\/fonspitius.org\/es\/sensibilizacion\/2003-hacia-una-cultura-de-paz\/\" target=\"_blank\" rel=\"noopener\">2003. Hacia una cultura de paz<\/a><\/li>\n<li><a href=\"https:\/\/fonspitius.org\/es\/sensibilizacion\/2002-la-mediterrania-una-cruilla-de-pobles\/\" target=\"_blank\" rel=\"noopener\">2002. La Mediterr\u00e0nia: una cru\u00eflla de pobles<\/a><\/li>\n<\/ul>\n<\/div><div class=\"fusion-clearfix\"><\/div><\/div><\/div><\/div><\/div>\n","protected":false},"excerpt":{"rendered":"","protected":false},"author":2,"featured_media":0,"parent":3451,"menu_order":5,"comment_status":"closed","ping_status":"closed","template":"","meta":{"_acf_changed":false,"footnotes":""},"class_list":["post-4081","page","type-page","status-publish","hentry"],"acf":[],"_links":{"self":[{"href":"https:\/\/fonspitius.org\/es\/wp-json\/wp\/v2\/pages\/4081","targetHints":{"allow":["GET"]}}],"collection":[{"href":"https:\/\/fonspitius.org\/es\/wp-json\/wp\/v2\/pages"}],"about":[{"href":"https:\/\/fonspitius.org\/es\/wp-json\/wp\/v2\/types\/page"}],"author":[{"embeddable":true,"href":"https:\/\/fonspitius.org\/es\/wp-json\/wp\/v2\/users\/2"}],"replies":[{"embeddable":true,"href":"https:\/\/fonspitius.org\/es\/wp-json\/wp\/v2\/comments?post=4081"}],"version-history":[{"count":0,"href":"https:\/\/fonspitius.org\/es\/wp-json\/wp\/v2\/pages\/4081\/revisions"}],"up":[{"embeddable":true,"href":"https:\/\/fonspitius.org\/es\/wp-json\/wp\/v2\/pages\/3451"}],"wp:attachment":[{"href":"https:\/\/fonspitius.org\/es\/wp-json\/wp\/v2\/media?parent=4081"}],"curies":[{"name":"wp","href":"https:\/\/api.w.org\/{rel}","templated":true}]}}