{"id":4052,"date":"2016-06-16T09:15:20","date_gmt":"2016-06-16T09:15:20","guid":{"rendered":"http:\/\/fonspitius.com.es\/es\/?page_id=4052"},"modified":"2026-04-09T09:51:12","modified_gmt":"2026-04-09T07:51:12","slug":"espacio-de-transparencia","status":"publish","type":"page","link":"https:\/\/fonspitius.org\/es\/espacio-de-transparencia\/","title":{"rendered":"portal de transparencia"},"content":{"rendered":"<div class=\"fusion-fullwidth fullwidth-box fusion-builder-row-1 hundred-percent-fullwidth non-hundred-percent-height-scrolling\" style=\"--awb-border-radius-top-left:0px;--awb-border-radius-top-right:0px;--awb-border-radius-bottom-right:0px;--awb-border-radius-bottom-left:0px;--awb-overflow:visible;--awb-flex-wrap:wrap;\" ><div class=\"fusion-builder-row fusion-row\"><div class=\"fusion-layout-column fusion_builder_column fusion-builder-column-0 fusion_builder_column_1_5 1_5 fusion-one-fifth fusion-column-first\" style=\"--awb-bg-size:cover;width:20%;width:calc(20% - ( ( 4% ) * 0.2 ) );margin-right: 4%;\"><div class=\"fusion-column-wrapper fusion-column-has-shadow fusion-flex-column-wrapper-legacy\"><div class=\"fusion-widget-area awb-widget-area-element fusion-widget-area-1 fusion-content-widget-area\" style=\"--awb-title-size:18px;--awb-title-color:#00a1de;--awb-padding:0px 0px 0px 0px;\"><div class=\"fusion-additional-widget-content\"><\/div><\/div><div class=\"fusion-clearfix\"><\/div><\/div><\/div><div class=\"fusion-layout-column fusion_builder_column fusion-builder-column-1 fusion_builder_column_4_5 4_5 fusion-four-fifth fusion-column-last\" style=\"--awb-bg-size:cover;width:80%;width:calc(80% - ( ( 4% ) * 0.8 ) );\"><div class=\"fusion-column-wrapper fusion-flex-column-wrapper-legacy\"><div class=\"fusion-text fusion-text-1\" style=\"--awb-content-alignment:justify;--awb-text-transform:none;\"><p style=\"text-align: justify;\">El Fons Piti\u00fas de Cooperaci\u00f3 es un organismo que trabaja con recursos p\u00fablicos. Este hecho refuerza todav\u00eda m\u00e1s la necesidad de mostrar una total transparencia y control de los recursos que se emplean, as\u00ed como de presentar las personas que forman parte de los \u00f3rganos de decisi\u00f3n y ejecuci\u00f3n.<\/p>\n<p style=\"text-align: justify;\">Adem\u00e1s, como entidad de utilidad p\u00fablica, el Fons est\u00e1 obligado a realizar anualmente una auditor\u00eda externa de sus cuentas que, junto a la memoria econ\u00f3mica y de actividades, se presenta al Registro de asociaciones de las Islas Baleares y al Ministerio del Interior. Igualmente, el Fons est\u00e1 sometido al control que deseen hacer las instituciones p\u00fablicas, desde sus departamentos de intervenci\u00f3n y la Sindicatura de Cuentas de las Islas Baleares.<\/p>\n<p style=\"text-align: justify;\">M\u00e1s all\u00e1 de esta obligaci\u00f3n, el Fons tiene la firme convicci\u00f3n de que debe de hacer difusi\u00f3n de sus l\u00edneas de trabajo y de la buena gesti\u00f3n de los recursos utilizados para llevarlas a cabo, de una manera completa y clara. Este espacio pretende dar respuesta a esta convicci\u00f3n.<\/p>\n<\/div><div class=\"fusion-title title fusion-title-1 fusion-sep-none fusion-title-text fusion-title-size-three\" style=\"--awb-margin-top:30px;--awb-margin-bottom:15px;--awb-margin-top-small:0px;--awb-margin-right-small:0px;--awb-margin-bottom-small:20px;--awb-margin-left-small:0px;\"><h3 class=\"fusion-title-heading title-heading-left fusion-responsive-typography-calculated\" style=\"margin:0;--fontSize:26;--minFontSize:26;line-height:1.62;\"><h4>Memoria de Actividades e Informaci\u00f3n Econ\u00f3mica<\/h4><\/h3><\/div><div class=\"fusion-text fusion-text-2\" style=\"--awb-text-transform:none;\"><p><a href=\"https:\/\/fonspitius.org\/wp-content\/uploads\/Memoria-tecnica-2025_firmada.pdf\" target=\"_blank\" rel=\"noopener\">Memoria de actividades 2025<\/a><\/p>\n<p><a href=\"https:\/\/fonspitius.org\/wp-content\/uploads\/Auditoria-i-memoria-economica-2025_firmada.pdf\" target=\"_blank\" rel=\"noopener\">Informe de auditor\u00eda y memoria econ\u00f3mica 2025<\/a><\/p>\n<\/div><div class=\"fusion-text fusion-text-3\"><p>&#8212;&#8212;&#8212;&#8212;&#8212;&#8212;&#8212;&#8212;&#8212;&#8212;&#8212;&#8212;&#8212;&#8212;&#8212;&#8212;&#8212;&#8212;&#8212;&#8212;&#8212;&#8212;&#8212;&#8212;&#8212;&#8212;&#8212;&#8212;&#8212;&#8212;&#8212;&#8212;&#8212;&#8212;&#8212;&#8212;&#8212;&#8212;&#8212;&#8212;&#8212;&#8212;&#8212;&#8212;&#8212;&#8212;&#8212;&#8212;&#8212;&#8212;&#8212;&#8212;&#8212;&#8212;&#8212;&#8212;&#8212;&#8212;&#8212;&#8212;-<\/p>\n<h3>Memorias anteriores<\/h3>\n<p><strong>2024<\/strong>:\u00a0<a href=\"https:\/\/fonspitius.org\/wp-content\/uploads\/Memoria-tecnica-2024-1.pdf\" target=\"_blank\" rel=\"noopener\">Memoria de actividades<\/a> &#8211;\u00a0<a href=\"https:\/\/fonspitius.org\/wp-content\/uploads\/Memoria-economica-2024.pdf\" target=\"_blank\" rel=\"noopener\">Memoria econ\u00f3mica<\/a> &#8211; <a href=\"https:\/\/fonspitius.org\/wp-content\/uploads\/INFORME-AUDITORIA-2024.pdf\" target=\"_blank\" rel=\"noopener\">Informe de auditor\u00eda<\/a><\/p>\n<p><span style=\"color: #000000;\"><strong>2023<\/strong><\/span>: <a href=\"https:\/\/fonspitius.org\/wp-content\/uploads\/Memoria-tecnica-2023.pdf\" target=\"_blank\" rel=\"noopener\">Memoria de actividades<\/a> &#8211; <a href=\"https:\/\/fonspitius.org\/wp-content\/uploads\/Memoria_economica_2023.pdf\" target=\"_blank\" rel=\"noopener\">Memoria econ\u00f3mica<\/a> &#8211;\u00a0<a href=\"https:\/\/fonspitius.org\/wp-content\/uploads\/Informe_auditoria_2023.pdf\" target=\"_blank\" rel=\"noopener\">Informe de auditor\u00eda<\/a><\/p>\n<p><span style=\"color: #000000;\"><strong>2022<\/strong><\/span>: <a href=\"http:\/\/fonspitius.org\/wp-content\/uploads\/Memoria-activitats-2022.pdf\" target=\"_blank\" rel=\"noopener\">Memoria de actividades<\/a>\u00a0&#8211; <a href=\"http:\/\/fonspitius.org\/wp-content\/uploads\/Memoria-economica-2022.pdf\" target=\"_blank\" rel=\"noopener\">Memoria econ\u00f3mica<\/a> &#8211; <a href=\"http:\/\/fonspitius.org\/wp-content\/uploads\/Informe-auditoria-comptes-2022.pdf\" target=\"_blank\" rel=\"noopener\">Informe de auditor\u00eda<\/a><\/p>\n<p><span style=\"color: #333333;\"><strong>2021<\/strong><\/span>: <a href=\"https:\/\/fonspitius.org\/wp-content\/uploads\/Memoria-tecnica-2021_firmada.pdf\" target=\"_blank\" rel=\"noopener\">Memoria de actividades<\/a>\u00a0&#8211; <a href=\"https:\/\/fonspitius.org\/wp-content\/uploads\/MEMORIA-ECONOMICA-2021.pdf\" target=\"_blank\" rel=\"noopener\">Memoria econ\u00f3mica<\/a> &#8211; <a href=\"https:\/\/fonspitius.org\/wp-content\/uploads\/INFORME-AUDITORIA-2021.pdf\" target=\"_blank\" rel=\"noopener\">Informe de auditor\u00eda<\/a><\/p>\n<p><span style=\"color: #333333;\"><strong>2020<\/strong><\/span>: <a href=\"https:\/\/fonspitius.org\/wp-content\/uploads\/Memoria-_tecnica-_2020.pdf\" target=\"_blank\" rel=\"noopener\">Memoria de actividades<\/a>\u00a0&#8211; <a href=\"https:\/\/fonspitius.org\/wp-content\/uploads\/Memoria_economica_2020.pdf\" target=\"_blank\" rel=\"noopener\">Memoria econ\u00f3mica<\/a> &#8211; <a href=\"https:\/\/fonspitius.org\/wp-content\/uploads\/Informe_auditoria_2020.pdf\" target=\"_blank\" rel=\"noopener\">Informe de auditor\u00eda<\/a><\/p>\n<p><strong><span style=\"color: #333333;\">2019<\/span><\/strong>: <a href=\"https:\/\/fonspitius.org\/wp-content\/uploads\/Memoria_activitats-_2019.pdf\" target=\"_blank\" rel=\"noopener\">Memoria de actividades<\/a>\u00a0&#8211; <a href=\"https:\/\/fonspitius.org\/wp-content\/uploads\/Memoria_economica_2019.pdf\" target=\"_blank\" rel=\"noopener\">Memoria econ\u00f3mica<\/a> &#8211; <a href=\"https:\/\/fonspitius.org\/wp-content\/uploads\/Informe-auditoria-2019.pdf\" target=\"_blank\" rel=\"noopener\">Informe de auditor\u00eda<\/a><\/p>\n<p><span style=\"color: #333333;\"><strong>2018<\/strong><\/span>: <a href=\"https:\/\/fonspitius.org\/wp-content\/uploads\/memoria_activitats_2018.pdf\" target=\"_blank\" rel=\"noopener\">Memoria de actividades<\/a>\u00a0&#8211; <a href=\"https:\/\/fonspitius.org\/wp-content\/uploads\/memoria_economica_2018.pdf\" target=\"_blank\" rel=\"noopener\">Memoria econ\u00f3mica<\/a> &#8211; <a href=\"https:\/\/fonspitius.org\/wp-content\/uploads\/Informe_auditoria_2018.pdf\" target=\"_blank\" rel=\"noopener\">Informe de auditor\u00eda<\/a><\/p>\n<\/div><div class=\"fusion-clearfix\"><\/div><\/div><\/div><div class=\"fusion-layout-column fusion_builder_column fusion-builder-column-2 fusion_builder_column_1_5 1_5 fusion-one-fifth fusion-column-first\" style=\"--awb-bg-size:cover;width:20%;width:calc(20% - ( ( 4% ) * 0.2 ) );margin-right: 4%;\"><div class=\"fusion-column-wrapper fusion-column-has-shadow fusion-flex-column-wrapper-legacy\"><div class=\"fusion-clearfix\"><\/div><\/div><\/div><div class=\"fusion-layout-column fusion_builder_column fusion-builder-column-3 fusion_builder_column_4_5 4_5 fusion-four-fifth fusion-column-last\" style=\"--awb-bg-size:cover;width:80%;width:calc(80% - ( ( 4% ) * 0.8 ) );\" id=\"auditoria\"><div class=\"fusion-column-wrapper fusion-flex-column-wrapper-legacy\"><div class=\"fusion-clearfix\"><\/div><\/div><\/div><\/div><\/div>\n","protected":false},"excerpt":{"rendered":"","protected":false},"author":2,"featured_media":0,"parent":0,"menu_order":0,"comment_status":"closed","ping_status":"closed","template":"","meta":{"_acf_changed":false,"footnotes":""},"class_list":["post-4052","page","type-page","status-publish","hentry"],"acf":[],"_links":{"self":[{"href":"https:\/\/fonspitius.org\/es\/wp-json\/wp\/v2\/pages\/4052","targetHints":{"allow":["GET"]}}],"collection":[{"href":"https:\/\/fonspitius.org\/es\/wp-json\/wp\/v2\/pages"}],"about":[{"href":"https:\/\/fonspitius.org\/es\/wp-json\/wp\/v2\/types\/page"}],"author":[{"embeddable":true,"href":"https:\/\/fonspitius.org\/es\/wp-json\/wp\/v2\/users\/2"}],"replies":[{"embeddable":true,"href":"https:\/\/fonspitius.org\/es\/wp-json\/wp\/v2\/comments?post=4052"}],"version-history":[{"count":2,"href":"https:\/\/fonspitius.org\/es\/wp-json\/wp\/v2\/pages\/4052\/revisions"}],"predecessor-version":[{"id":17846,"href":"https:\/\/fonspitius.org\/es\/wp-json\/wp\/v2\/pages\/4052\/revisions\/17846"}],"wp:attachment":[{"href":"https:\/\/fonspitius.org\/es\/wp-json\/wp\/v2\/media?parent=4052"}],"curies":[{"name":"wp","href":"https:\/\/api.w.org\/{rel}","templated":true}]}}