{"id":40,"date":"2015-06-01T11:51:59","date_gmt":"2015-06-01T11:51:59","guid":{"rendered":"http:\/\/avada.theme-fusion.com\/church\/?page_id=40"},"modified":"2025-12-20T11:17:55","modified_gmt":"2025-12-20T10:17:55","slug":"home","status":"publish","type":"page","link":"https:\/\/fonspitius.org\/es\/","title":{"rendered":"Inicio"},"content":{"rendered":"<div class=\"fusion-fullwidth fullwidth-box fusion-builder-row-1 nonhundred-percent-fullwidth non-hundred-percent-height-scrolling\" style=\"--awb-background-position:left top;--awb-border-sizes-top:0px;--awb-border-sizes-bottom:0px;--awb-border-sizes-left:0px;--awb-border-sizes-right:0px;--awb-border-radius-top-left:0px;--awb-border-radius-top-right:0px;--awb-border-radius-bottom-right:0px;--awb-border-radius-bottom-left:0px;--awb-padding-top:20px;--awb-padding-bottom:20px;--awb-flex-wrap:wrap;\" ><div class=\"fusion-builder-row fusion-row\"><div class=\"fusion-layout-column fusion_builder_column fusion-builder-column-0 fusion_builder_column_4_5 4_5 fusion-four-fifth fusion-column-first\" style=\"--awb-bg-size:cover;width:79.2%; margin-right: 4%;\"><div class=\"fusion-column-wrapper fusion-column-has-shadow fusion-flex-column-wrapper-legacy\"><div class=\"fusion-text fusion-text-1\" style=\"--awb-content-alignment:center;\"><h2 style=\"text-align: left;\">actualidad<\/h2>\n<\/div><div class=\"fusion-recent-posts fusion-recent-posts-1 avada-container layout-default layout-columns-2 fusion-recent-posts-left\"><section class=\"fusion-columns columns fusion-columns-2 columns-2\"><article class=\"post fusion-column column col col-lg-6 col-md-6 col-sm-6\"><div class=\"fusion-flexslider fusion-flexslider-loading flexslider flexslider-hover-type-none\"><ul class=\"slides\"><li><a href=\"https:\/\/fonspitius.org\/es\/asamblea-de-la-confederacion-de-fondos-de-cooperacion-y-solidaridad-en-bilbao\/\" aria-label=\"Asamblea de la Confederaci\u00f3n de Fondos de Cooperaci\u00f3n y Solidaridad en Bilbao\" class=\"hover-type-none\"><img decoding=\"async\" width=\"700\" height=\"441\" src=\"https:\/\/fonspitius.org\/wp-content\/uploads\/681670733_1446716690831211_3894882048274220363_n-700x441.jpg\" class=\"attachment-recent-posts size-recent-posts\" alt=\"\" srcset=\"https:\/\/fonspitius.org\/wp-content\/uploads\/681670733_1446716690831211_3894882048274220363_n-320x202.jpg 320w, https:\/\/fonspitius.org\/wp-content\/uploads\/681670733_1446716690831211_3894882048274220363_n-700x441.jpg 700w\" sizes=\"(max-width: 700px) 100vw, 700px\" \/><\/a><\/li><li><a href=\"https:\/\/fonspitius.org\/es\/asamblea-de-la-confederacion-de-fondos-de-cooperacion-y-solidaridad-en-bilbao\/\" aria-label=\"Asamblea de la Confederaci\u00f3n de Fondos de Cooperaci\u00f3n y Solidaridad en Bilbao\" class=\"hover-type-none\"><img decoding=\"async\" width=\"700\" height=\"441\" src=\"https:\/\/fonspitius.org\/wp-content\/uploads\/683344611_1446716737497873_9092306074149195048_n-700x441.jpg\" class=\"attachment-recent-posts size-recent-posts\" alt=\"\" srcset=\"https:\/\/fonspitius.org\/wp-content\/uploads\/683344611_1446716737497873_9092306074149195048_n-320x202.jpg 320w, https:\/\/fonspitius.org\/wp-content\/uploads\/683344611_1446716737497873_9092306074149195048_n-700x441.jpg 700w\" sizes=\"(max-width: 700px) 100vw, 700px\" \/><\/a><\/li><li><a href=\"https:\/\/fonspitius.org\/es\/asamblea-de-la-confederacion-de-fondos-de-cooperacion-y-solidaridad-en-bilbao\/\" aria-label=\"Asamblea de la Confederaci\u00f3n de Fondos de Cooperaci\u00f3n y Solidaridad en Bilbao\" class=\"hover-type-none\"><img decoding=\"async\" width=\"700\" height=\"441\" src=\"https:\/\/fonspitius.org\/wp-content\/uploads\/684895291_1446716707497876_679264215875309184_n-700x441.jpg\" class=\"attachment-recent-posts size-recent-posts\" alt=\"\" srcset=\"https:\/\/fonspitius.org\/wp-content\/uploads\/684895291_1446716707497876_679264215875309184_n-320x202.jpg 320w, https:\/\/fonspitius.org\/wp-content\/uploads\/684895291_1446716707497876_679264215875309184_n-700x441.jpg 700w\" sizes=\"(max-width: 700px) 100vw, 700px\" \/><\/a><\/li><li><a href=\"https:\/\/fonspitius.org\/es\/asamblea-de-la-confederacion-de-fondos-de-cooperacion-y-solidaridad-en-bilbao\/\" aria-label=\"Asamblea de la Confederaci\u00f3n de Fondos de Cooperaci\u00f3n y Solidaridad en Bilbao\" class=\"hover-type-none\"><img decoding=\"async\" width=\"700\" height=\"441\" src=\"https:\/\/fonspitius.org\/wp-content\/uploads\/681860157_1445632534272960_7235413486696238132_n-700x441.jpg\" class=\"attachment-recent-posts size-recent-posts\" alt=\"\" srcset=\"https:\/\/fonspitius.org\/wp-content\/uploads\/681860157_1445632534272960_7235413486696238132_n-320x202.jpg 320w, https:\/\/fonspitius.org\/wp-content\/uploads\/681860157_1445632534272960_7235413486696238132_n-700x441.jpg 700w\" sizes=\"(max-width: 700px) 100vw, 700px\" \/><\/a><\/li><\/ul><\/div><div class=\"recent-posts-content\"><span class=\"vcard\" style=\"display: none;\"><span class=\"fn\"><a href=\"https:\/\/fonspitius.org\/es\/author\/fons-pitius\/\" title=\"Entradas de ADMfons\" rel=\"author\">ADMfons<\/a><\/span><\/span><span class=\"updated\" style=\"display:none;\">2026-04-30T12:48:46+02:00<\/span><h4 class=\"entry-title\"><a href=\"https:\/\/fonspitius.org\/es\/asamblea-de-la-confederacion-de-fondos-de-cooperacion-y-solidaridad-en-bilbao\/\">Asamblea de la Confederaci\u00f3n de Fondos de Cooperaci\u00f3n y Solidaridad en Bilbao<\/a><\/h4><\/div><\/article><article class=\"post fusion-column column col col-lg-6 col-md-6 col-sm-6\"><div class=\"fusion-flexslider fusion-flexslider-loading flexslider flexslider-hover-type-none\"><ul class=\"slides\"><li><a href=\"https:\/\/fonspitius.org\/es\/publicacion-del-manual-municipalismo-y-solidaridad-del-discurso-a-la-practica-de-la-confederacion-de-fondos-de-cooperacion\/\" aria-label=\"Publicaci\u00f3n del manual \u00abMunicipalismo y solidaridad. Del discurso a la pr\u00e1ctica\u00bb de la Confederaci\u00f3n de Fondos de Cooperaci\u00f3n\" class=\"hover-type-none\"><img decoding=\"async\" width=\"700\" height=\"441\" src=\"https:\/\/fonspitius.org\/wp-content\/uploads\/manual-cast-1-700x441.jpg\" class=\"attachment-recent-posts size-recent-posts\" alt=\"\" srcset=\"https:\/\/fonspitius.org\/wp-content\/uploads\/manual-cast-1-320x202.jpg 320w, https:\/\/fonspitius.org\/wp-content\/uploads\/manual-cast-1-700x441.jpg 700w\" sizes=\"(max-width: 700px) 100vw, 700px\" \/><\/a><\/li><\/ul><\/div><div class=\"recent-posts-content\"><span class=\"vcard\" style=\"display: none;\"><span class=\"fn\"><a href=\"https:\/\/fonspitius.org\/es\/author\/fons-pitius\/\" title=\"Entradas de ADMfons\" rel=\"author\">ADMfons<\/a><\/span><\/span><span class=\"updated\" style=\"display:none;\">2026-04-23T10:13:33+02:00<\/span><h4 class=\"entry-title\"><a href=\"https:\/\/fonspitius.org\/es\/publicacion-del-manual-municipalismo-y-solidaridad-del-discurso-a-la-practica-de-la-confederacion-de-fondos-de-cooperacion\/\">Publicaci\u00f3n del manual \u00abMunicipalismo y solidaridad. Del discurso a la pr\u00e1ctica\u00bb de la Confederaci\u00f3n de Fondos de Cooperaci\u00f3n<\/a><\/h4><\/div><\/article><\/section><\/div><div class=\"fusion-recent-posts fusion-recent-posts-2 avada-container layout-default layout-columns-2 fusion-recent-posts-left\"><section class=\"fusion-columns columns fusion-columns-2 columns-2\"><article class=\"post fusion-column column col col-lg-6 col-md-6 col-sm-6\"><div class=\"fusion-flexslider fusion-flexslider-loading flexslider flexslider-hover-type-none\"><ul class=\"slides\"><li><a href=\"https:\/\/fonspitius.org\/es\/proyeccion-del-audiovisual-histories-de-migracions-en-cala-de-bou-denro-del-ciclo-de-conferencias-la-uom-arreu-deivissa\/\" aria-label=\"Proyecci\u00f3n del audiovisual \u00abHist\u00f2ries de migracions\u00bb en Cala de Bou dentro del ciclo de conferencias \u00abLa UOM arreu d&#8217;Eivissa\u00bb\" class=\"hover-type-none\"><img decoding=\"async\" width=\"700\" height=\"441\" src=\"https:\/\/fonspitius.org\/wp-content\/uploads\/PHOTO-2026-04-22-10-17-26-700x441.jpg\" class=\"attachment-recent-posts size-recent-posts\" alt=\"\" srcset=\"https:\/\/fonspitius.org\/wp-content\/uploads\/PHOTO-2026-04-22-10-17-26-320x202.jpg 320w, https:\/\/fonspitius.org\/wp-content\/uploads\/PHOTO-2026-04-22-10-17-26-700x441.jpg 700w\" sizes=\"(max-width: 700px) 100vw, 700px\" \/><\/a><\/li><\/ul><\/div><div class=\"recent-posts-content\"><span class=\"vcard\" style=\"display: none;\"><span class=\"fn\"><a href=\"https:\/\/fonspitius.org\/es\/author\/fons-pitius\/\" title=\"Entradas de ADMfons\" rel=\"author\">ADMfons<\/a><\/span><\/span><span class=\"updated\" style=\"display:none;\">2026-04-22T12:35:57+02:00<\/span><h4 class=\"entry-title\"><a href=\"https:\/\/fonspitius.org\/es\/proyeccion-del-audiovisual-histories-de-migracions-en-cala-de-bou-denro-del-ciclo-de-conferencias-la-uom-arreu-deivissa\/\">Proyecci\u00f3n del audiovisual \u00abHist\u00f2ries de migracions\u00bb en Cala de Bou dentro del ciclo de conferencias \u00abLa UOM arreu d&#8217;Eivissa\u00bb<\/a><\/h4><\/div><\/article><article class=\"post fusion-column column col col-lg-6 col-md-6 col-sm-6\"><div class=\"fusion-flexslider fusion-flexslider-loading flexslider flexslider-hover-type-none\"><ul class=\"slides\"><li><a href=\"https:\/\/fonspitius.org\/es\/la-asamblea-del-fons-inicia-el-proceso-de-actualizacion-del-modelo-de-cooperacion-de-la-asociacion\/\" aria-label=\"La asamblea del Fons inicia el proceso de actualizaci\u00f3n del modelo de cooperaci\u00f3n de la asociaci\u00f3n\" class=\"hover-type-none\"><img decoding=\"async\" width=\"700\" height=\"441\" src=\"https:\/\/fonspitius.org\/wp-content\/uploads\/WhatsApp-Image-2026-04-15-at-14.57.02-1-700x441.jpeg\" class=\"attachment-recent-posts size-recent-posts\" alt=\"\" srcset=\"https:\/\/fonspitius.org\/wp-content\/uploads\/WhatsApp-Image-2026-04-15-at-14.57.02-1-320x202.jpeg 320w, https:\/\/fonspitius.org\/wp-content\/uploads\/WhatsApp-Image-2026-04-15-at-14.57.02-1-700x441.jpeg 700w\" sizes=\"(max-width: 700px) 100vw, 700px\" \/><\/a><\/li><li><a href=\"https:\/\/fonspitius.org\/es\/la-asamblea-del-fons-inicia-el-proceso-de-actualizacion-del-modelo-de-cooperacion-de-la-asociacion\/\" aria-label=\"La asamblea del Fons inicia el proceso de actualizaci\u00f3n del modelo de cooperaci\u00f3n de la asociaci\u00f3n\" class=\"hover-type-none\"><img decoding=\"async\" width=\"700\" height=\"441\" src=\"https:\/\/fonspitius.org\/wp-content\/uploads\/WhatsApp-Image-2026-04-15-at-14.57.03-700x441.jpeg\" class=\"attachment-recent-posts size-recent-posts\" alt=\"\" srcset=\"https:\/\/fonspitius.org\/wp-content\/uploads\/WhatsApp-Image-2026-04-15-at-14.57.03-320x202.jpeg 320w, https:\/\/fonspitius.org\/wp-content\/uploads\/WhatsApp-Image-2026-04-15-at-14.57.03-700x441.jpeg 700w\" sizes=\"(max-width: 700px) 100vw, 700px\" \/><\/a><\/li><li><a href=\"https:\/\/fonspitius.org\/es\/la-asamblea-del-fons-inicia-el-proceso-de-actualizacion-del-modelo-de-cooperacion-de-la-asociacion\/\" aria-label=\"La asamblea del Fons inicia el proceso de actualizaci\u00f3n del modelo de cooperaci\u00f3n de la asociaci\u00f3n\" class=\"hover-type-none\"><img decoding=\"async\" width=\"700\" height=\"441\" src=\"https:\/\/fonspitius.org\/wp-content\/uploads\/WhatsApp-Image-2026-04-15-at-14.56.59-700x441.jpeg\" class=\"attachment-recent-posts size-recent-posts\" alt=\"\" srcset=\"https:\/\/fonspitius.org\/wp-content\/uploads\/WhatsApp-Image-2026-04-15-at-14.56.59-320x202.jpeg 320w, https:\/\/fonspitius.org\/wp-content\/uploads\/WhatsApp-Image-2026-04-15-at-14.56.59-700x441.jpeg 700w\" sizes=\"(max-width: 700px) 100vw, 700px\" \/><\/a><\/li><\/ul><\/div><div class=\"recent-posts-content\"><span class=\"vcard\" style=\"display: none;\"><span class=\"fn\"><a href=\"https:\/\/fonspitius.org\/es\/author\/fons-pitius\/\" title=\"Entradas de ADMfons\" rel=\"author\">ADMfons<\/a><\/span><\/span><span class=\"updated\" style=\"display:none;\">2026-04-16T13:20:29+02:00<\/span><h4 class=\"entry-title\"><a href=\"https:\/\/fonspitius.org\/es\/la-asamblea-del-fons-inicia-el-proceso-de-actualizacion-del-modelo-de-cooperacion-de-la-asociacion\/\">La asamblea del Fons inicia el proceso de actualizaci\u00f3n del modelo de cooperaci\u00f3n de la asociaci\u00f3n<\/a><\/h4><\/div><\/article><\/section><\/div><div class=\"fusion-clearfix\"><\/div><\/div><\/div><div class=\"fusion-layout-column fusion_builder_column fusion-builder-column-1 fusion_builder_column_1_5 1_5 fusion-one-fifth fusion-column-last\" style=\"--awb-bg-blend:overlay;--awb-bg-size:cover;width:16.8%;\"><div class=\"fusion-column-wrapper fusion-flex-column-wrapper-legacy\"><div class=\"fusion-sep-clear\"><\/div><div class=\"fusion-separator fusion-full-width-sep\" style=\"margin-left: auto;margin-right: auto;width:100%;\"><\/div><div class=\"fusion-sep-clear\"><\/div><div class=\"fusion-text fusion-text-2\"><p><a href=\"https:\/\/fonspitius.org\/es\/espacio-de-transparencia\/\" target=\"_blank\" rel=\"noopener\"><img decoding=\"async\" class=\"alignnone size-medium wp-image-12742\" src=\"http:\/\/fonspitius.org\/wp-content\/uploads\/portal-transparencia-web_cast-300x164.png\" alt=\"\" width=\"300\" height=\"164\" srcset=\"https:\/\/fonspitius.org\/wp-content\/uploads\/portal-transparencia-web_cast-200x109.png 200w, https:\/\/fonspitius.org\/wp-content\/uploads\/portal-transparencia-web_cast-300x164.png 300w, https:\/\/fonspitius.org\/wp-content\/uploads\/portal-transparencia-web_cast-400x218.png 400w, https:\/\/fonspitius.org\/wp-content\/uploads\/portal-transparencia-web_cast-600x327.png 600w, https:\/\/fonspitius.org\/wp-content\/uploads\/portal-transparencia-web_cast-800x436.png 800w, https:\/\/fonspitius.org\/wp-content\/uploads\/portal-transparencia-web_cast-1024x558.png 1024w, https:\/\/fonspitius.org\/wp-content\/uploads\/portal-transparencia-web_cast-1200x654.png 1200w, https:\/\/fonspitius.org\/wp-content\/uploads\/portal-transparencia-web_cast-1536x838.png 1536w, https:\/\/fonspitius.org\/wp-content\/uploads\/portal-transparencia-web_cast.png 1944w\" sizes=\"(max-width: 300px) 100vw, 300px\" \/><\/a><\/p>\n<\/div><div class=\"fusion-image-element in-legacy-container\" style=\"--awb-caption-title-font-family:var(--h2_typography-font-family);--awb-caption-title-font-weight:var(--h2_typography-font-weight);--awb-caption-title-font-style:var(--h2_typography-font-style);--awb-caption-title-size:var(--h2_typography-font-size);--awb-caption-title-transform:var(--h2_typography-text-transform);--awb-caption-title-line-height:var(--h2_typography-line-height);--awb-caption-title-letter-spacing:var(--h2_typography-letter-spacing);\"><span class=\" fusion-imageframe imageframe-none imageframe-1 hover-type-none\"><a class=\"fusion-no-lightbox\" href=\"https:\/\/fonspitius.org\/es\/?page_id=7762\" target=\"_self\" aria-label=\"ODS-Objetivos-Desarrollo-Sostenible-Ekomodo-e1582029087666-1568&#215;929\"><img decoding=\"async\" width=\"300\" height=\"178\" src=\"https:\/\/fonspitius.org\/wp-content\/uploads\/\/ODS-Objetivos-Desarrollo-Sostenible-Ekomodo-e1582029087666-1568x929-3-300x178.jpg\" alt class=\"img-responsive wp-image-11038\" srcset=\"https:\/\/fonspitius.org\/wp-content\/uploads\/ODS-Objetivos-Desarrollo-Sostenible-Ekomodo-e1582029087666-1568x929-3-200x118.jpg 200w, https:\/\/fonspitius.org\/wp-content\/uploads\/ODS-Objetivos-Desarrollo-Sostenible-Ekomodo-e1582029087666-1568x929-3-400x237.jpg 400w, https:\/\/fonspitius.org\/wp-content\/uploads\/ODS-Objetivos-Desarrollo-Sostenible-Ekomodo-e1582029087666-1568x929-3-600x355.jpg 600w, https:\/\/fonspitius.org\/wp-content\/uploads\/ODS-Objetivos-Desarrollo-Sostenible-Ekomodo-e1582029087666-1568x929-3-800x474.jpg 800w, https:\/\/fonspitius.org\/wp-content\/uploads\/ODS-Objetivos-Desarrollo-Sostenible-Ekomodo-e1582029087666-1568x929-3-1200x711.jpg 1200w, https:\/\/fonspitius.org\/wp-content\/uploads\/ODS-Objetivos-Desarrollo-Sostenible-Ekomodo-e1582029087666-1568x929-3.jpg 1568w\" sizes=\"(max-width: 800px) 100vw, 400px\" \/><\/a><\/span><\/div><div class=\"fusion-sep-clear\"><\/div><div class=\"fusion-separator fusion-full-width-sep\" style=\"margin-left: auto;margin-right: auto;width:100%;\"><\/div><div class=\"fusion-sep-clear\"><\/div><div class=\"fusion-image-element in-legacy-container\" style=\"--awb-caption-title-font-family:var(--h2_typography-font-family);--awb-caption-title-font-weight:var(--h2_typography-font-weight);--awb-caption-title-font-style:var(--h2_typography-font-style);--awb-caption-title-size:var(--h2_typography-font-size);--awb-caption-title-transform:var(--h2_typography-text-transform);--awb-caption-title-line-height:var(--h2_typography-line-height);--awb-caption-title-letter-spacing:var(--h2_typography-letter-spacing);\"><span class=\" fusion-imageframe imageframe-none imageframe-2 hover-type-none\"><a class=\"fusion-no-lightbox\" href=\"https:\/\/www.youtube.com\/playlist?list=PLOGk3anFM6KH6yKTIIfH1WmRW2oP07-uv\" target=\"_self\" aria-label=\"Pilar Costa Serra Primera presidenta del Fons Piti\u00fas de Cooperaci\u00f3 (1999-2003) Diputada al Parlament de les Illes Balears (3)\"><img decoding=\"async\" width=\"300\" height=\"169\" src=\"https:\/\/fonspitius.org\/wp-content\/uploads\/Pilar-Costa-Serra-Primera-presidenta-del-Fons-Pitius-de-Cooperacio-1999-2003-Diputada-al-Parlament-de-les-Illes-Balears-3-300x169.png\" alt class=\"img-responsive wp-image-15876\" srcset=\"https:\/\/fonspitius.org\/wp-content\/uploads\/Pilar-Costa-Serra-Primera-presidenta-del-Fons-Pitius-de-Cooperacio-1999-2003-Diputada-al-Parlament-de-les-Illes-Balears-3-200x113.png 200w, https:\/\/fonspitius.org\/wp-content\/uploads\/Pilar-Costa-Serra-Primera-presidenta-del-Fons-Pitius-de-Cooperacio-1999-2003-Diputada-al-Parlament-de-les-Illes-Balears-3-400x225.png 400w, https:\/\/fonspitius.org\/wp-content\/uploads\/Pilar-Costa-Serra-Primera-presidenta-del-Fons-Pitius-de-Cooperacio-1999-2003-Diputada-al-Parlament-de-les-Illes-Balears-3-600x338.png 600w, https:\/\/fonspitius.org\/wp-content\/uploads\/Pilar-Costa-Serra-Primera-presidenta-del-Fons-Pitius-de-Cooperacio-1999-2003-Diputada-al-Parlament-de-les-Illes-Balears-3-800x450.png 800w, https:\/\/fonspitius.org\/wp-content\/uploads\/Pilar-Costa-Serra-Primera-presidenta-del-Fons-Pitius-de-Cooperacio-1999-2003-Diputada-al-Parlament-de-les-Illes-Balears-3-1200x675.png 1200w, https:\/\/fonspitius.org\/wp-content\/uploads\/Pilar-Costa-Serra-Primera-presidenta-del-Fons-Pitius-de-Cooperacio-1999-2003-Diputada-al-Parlament-de-les-Illes-Balears-3.png 1920w\" sizes=\"(max-width: 800px) 100vw, 400px\" \/><\/a><\/span><\/div><div class=\"fusion-sep-clear\"><\/div><div class=\"fusion-separator fusion-full-width-sep\" style=\"margin-left: auto;margin-right: auto;width:100%;\"><\/div><div class=\"fusion-sep-clear\"><\/div><div class=\"fusion-title title fusion-title-1 fusion-sep-none fusion-title-center fusion-title-text fusion-title-size-three\" style=\"--awb-margin-bottom:15px;--awb-margin-top-small:0px;--awb-margin-right-small:0px;--awb-margin-bottom-small:20px;--awb-margin-left-small:0px;\"><h3 class=\"fusion-title-heading title-heading-center fusion-responsive-typography-calculated\" style=\"margin:0;--fontSize:26;--minFontSize:26;line-height:1.62;\">Agenda<\/h3><\/div><div class=\"fusion-events-shortcode fusion-events-shortcode-1\"><div class=\"fusion-events-wrapper\" data-pages=\"1\"><div class=\"fusion-events-post fusion-spacing-yes fusion-full-one fusion-layout-column fusion-column-last\" style=\"margin-bottom:4%;\"><div class=\"fusion-column-wrapper\"><div class=\"fusion-events-thumbnail hover-type-zoomin\"><a href=\"https:\/\/fonspitius.org\/es\/event\/17596\/\" class=\"url\" rel=\"bookmark\" aria-label=\"La 15\u00aa edici\u00f3n de la biblioteca viajera \u00abInforma&#8217;t a fons\u00bb, en Figueretes\">\t\t<div class=\" fusion-placeholder-image tribe-events-event-image\" data-origheight=\"150\" data-origwidth=\"100%\" style=\"height:150px;width:100%;\"><\/div>\n\t\t<\/a><\/div><div class=\"fusion-events-content-wrapper\" style=\"padding:20px 20px 20px 20px;\"><div class=\"fusion-events-meta\"><h2><a href=\"https:\/\/fonspitius.org\/es\/event\/17596\/\" class=\"url\" rel=\"bookmark\">La 15\u00aa edici\u00f3n de la biblioteca viajera \u00abInforma&#8217;t a fons\u00bb, en Figueretes<\/a><\/h2><h4><span class=\"tribe-event-date-start\">15 Abril<\/span> - <span class=\"tribe-event-date-end\">15 Mayo<\/span><\/h4><\/div><\/div><\/div><\/div><div class=\"fusion-clearfix\"><\/div><div class=\"fusion-clearfix\"><\/div><\/div><\/div><div class=\"fusion-button-wrapper fusion-align-block\"><a class=\"fusion-button button-flat fusion-button-default-size button-default fusion-button-default button-1 fusion-button-default-span fusion-button-default-type\" target=\"_self\" href=\"https:\/\/fonspitius.org\/es\/events\"><span class=\"fusion-button-text awb-button__text awb-button__text--default\">Ver toda la agenda<\/span><\/a><\/div><div class=\"fusion-clearfix\"><\/div><\/div><\/div><\/div><\/div>\n","protected":false},"excerpt":{"rendered":"","protected":false},"author":2,"featured_media":0,"parent":0,"menu_order":0,"comment_status":"closed","ping_status":"closed","template":"100-width.php","meta":{"_acf_changed":false,"footnotes":""},"class_list":["post-40","page","type-page","status-publish","hentry","cat_agenda"],"acf":[],"_links":{"self":[{"href":"https:\/\/fonspitius.org\/es\/wp-json\/wp\/v2\/pages\/40","targetHints":{"allow":["GET"]}}],"collection":[{"href":"https:\/\/fonspitius.org\/es\/wp-json\/wp\/v2\/pages"}],"about":[{"href":"https:\/\/fonspitius.org\/es\/wp-json\/wp\/v2\/types\/page"}],"author":[{"embeddable":true,"href":"https:\/\/fonspitius.org\/es\/wp-json\/wp\/v2\/users\/2"}],"replies":[{"embeddable":true,"href":"https:\/\/fonspitius.org\/es\/wp-json\/wp\/v2\/comments?post=40"}],"version-history":[{"count":0,"href":"https:\/\/fonspitius.org\/es\/wp-json\/wp\/v2\/pages\/40\/revisions"}],"wp:attachment":[{"href":"https:\/\/fonspitius.org\/es\/wp-json\/wp\/v2\/media?parent=40"}],"curies":[{"name":"wp","href":"https:\/\/api.w.org\/{rel}","templated":true}]}}