{"id":3455,"date":"2016-06-16T07:34:57","date_gmt":"2016-06-16T07:34:57","guid":{"rendered":"http:\/\/fonspitius.com.es\/?page_id=3455"},"modified":"2022-07-22T09:04:34","modified_gmt":"2022-07-22T09:04:34","slug":"informate","status":"publish","type":"page","link":"https:\/\/fonspitius.org\/es\/informate\/","title":{"rendered":"Inf\u00f3rmate"},"content":{"rendered":"<div class=\"fusion-fullwidth fullwidth-box fusion-builder-row-1 hundred-percent-fullwidth non-hundred-percent-height-scrolling\" style=\"--awb-border-radius-top-left:0px;--awb-border-radius-top-right:0px;--awb-border-radius-bottom-right:0px;--awb-border-radius-bottom-left:0px;--awb-overflow:visible;--awb-flex-wrap:wrap;\" ><div class=\"fusion-builder-row fusion-row\"><div class=\"fusion-layout-column fusion_builder_column fusion-builder-column-0 fusion_builder_column_1_5 1_5 fusion-one-fifth fusion-column-first\" style=\"--awb-bg-size:cover;width:16.8%; margin-right: 4%;\"><div class=\"fusion-column-wrapper fusion-flex-column-wrapper-legacy\"><div class=\"fusion-widget-area awb-widget-area-element fusion-widget-area-1 fusion-content-widget-area\" style=\"--awb-title-size:18px;--awb-title-color:#00a1de;--awb-padding:0px 0px 0px 0px;\"><div id=\"nav_menu-11\" class=\"widget widget_nav_menu\"><div class=\"menu-recursos-ca-container\"><ul id=\"menu-recursos-ca\" class=\"menu\"><li id=\"menu-item-5568\" class=\"menu-item menu-item-type-post_type menu-item-object-page current_page_parent menu-item-5568\"><a href=\"https:\/\/fonspitius.org\/actualitat\/\">Actualidad<\/a><\/li>\n<li id=\"menu-item-4392\" class=\"menu-item menu-item-type-post_type menu-item-object-page menu-item-4392\"><a href=\"https:\/\/fonspitius.org\/biblioteca\/\">Biblioteca del Fons<\/a><\/li>\n<li id=\"menu-item-4395\" class=\"menu-item menu-item-type-post_type menu-item-object-page menu-item-4395\"><a href=\"https:\/\/fonspitius.org\/biblioteca-viatgera\/\">Biblioteca viajera<\/a><\/li>\n<li id=\"menu-item-4391\" class=\"menu-item menu-item-type-post_type menu-item-object-page menu-item-4391\"><a href=\"https:\/\/fonspitius.org\/memories-anuals\/\">Memorias anuales<\/a><\/li>\n<li id=\"menu-item-4394\" class=\"menu-item menu-item-type-post_type menu-item-object-page menu-item-4394\"><a href=\"https:\/\/fonspitius.org\/xarxes-socials\/\">Redes sociales<\/a><\/li>\n<li id=\"menu-item-4393\" class=\"menu-item menu-item-type-post_type menu-item-object-page menu-item-4393\"><a href=\"https:\/\/fonspitius.org\/webs-dinteres\/\">Webs de inter\u00e9s<\/a><\/li>\n<\/ul><\/div><\/div><div class=\"fusion-additional-widget-content\"><\/div><\/div><div class=\"fusion-clearfix\"><\/div><\/div><\/div><div class=\"fusion-layout-column fusion_builder_column fusion-builder-column-1 fusion_builder_column_4_5 4_5 fusion-four-fifth fusion-column-last\" style=\"--awb-bg-size:cover;width:79.2%;\"><div class=\"fusion-column-wrapper fusion-flex-column-wrapper-legacy\"><div class=\"fusion-text fusion-text-1\"><p style=\"text-align: justify;\">No es posible avanzar hacia una ciudadan\u00eda cr\u00edtica y activa, si no disponemos de informaci\u00f3n de calidad y con visiones alternativas. Por este motivo, el Fons Piti\u00fas pone a vuestra disposici\u00f3n una serie de recursos que os facilitar\u00e1n la tarea de b\u00fasqueda de esta informaci\u00f3n, que habitualmente queda situada fuera de los titulares de los grandes medios de comunicaci\u00f3n. Son canales diversos que nos permitir\u00e1n entender mejor el mundo y nos dar\u00e1n herramientas para transformarlo.<\/p>\n<p style=\"text-align: justify;\">Adem\u00e1s, ofrecemos tambi\u00e9n herramientas para profundizar en el conocimiento del trabajo que desarrolla el Fons Piti\u00fas.<\/p>\n<\/div><div class=\"fusion-clearfix\"><\/div><\/div><\/div><\/div><\/div>\n","protected":false},"excerpt":{"rendered":"","protected":false},"author":2,"featured_media":0,"parent":0,"menu_order":0,"comment_status":"closed","ping_status":"closed","template":"","meta":{"_acf_changed":false,"footnotes":""},"class_list":["post-3455","page","type-page","status-publish","hentry"],"acf":[],"_links":{"self":[{"href":"https:\/\/fonspitius.org\/es\/wp-json\/wp\/v2\/pages\/3455","targetHints":{"allow":["GET"]}}],"collection":[{"href":"https:\/\/fonspitius.org\/es\/wp-json\/wp\/v2\/pages"}],"about":[{"href":"https:\/\/fonspitius.org\/es\/wp-json\/wp\/v2\/types\/page"}],"author":[{"embeddable":true,"href":"https:\/\/fonspitius.org\/es\/wp-json\/wp\/v2\/users\/2"}],"replies":[{"embeddable":true,"href":"https:\/\/fonspitius.org\/es\/wp-json\/wp\/v2\/comments?post=3455"}],"version-history":[{"count":0,"href":"https:\/\/fonspitius.org\/es\/wp-json\/wp\/v2\/pages\/3455\/revisions"}],"wp:attachment":[{"href":"https:\/\/fonspitius.org\/es\/wp-json\/wp\/v2\/media?parent=3455"}],"curies":[{"name":"wp","href":"https:\/\/api.w.org\/{rel}","templated":true}]}}