{"id":3451,"date":"2016-06-16T07:32:18","date_gmt":"2016-06-16T07:32:18","guid":{"rendered":"http:\/\/fonspitius.com.es\/?page_id=3451"},"modified":"2024-07-03T13:35:00","modified_gmt":"2024-07-03T11:35:00","slug":"educacion","status":"publish","type":"page","link":"https:\/\/fonspitius.org\/es\/educacion\/","title":{"rendered":"educaci\u00f3n para la transformaci\u00f3n social"},"content":{"rendered":"<div class=\"fusion-fullwidth fullwidth-box fusion-builder-row-1 hundred-percent-fullwidth non-hundred-percent-height-scrolling\" style=\"--awb-border-radius-top-left:0px;--awb-border-radius-top-right:0px;--awb-border-radius-bottom-right:0px;--awb-border-radius-bottom-left:0px;--awb-overflow:visible;--awb-flex-wrap:wrap;\" ><div class=\"fusion-builder-row fusion-row\"><div class=\"fusion-layout-column fusion_builder_column fusion-builder-column-0 fusion_builder_column_1_5 1_5 fusion-one-fifth fusion-column-first\" style=\"--awb-bg-size:cover;width:16.8%; margin-right: 4%;\"><div class=\"fusion-column-wrapper fusion-flex-column-wrapper-legacy\"><div class=\"fusion-widget-area awb-widget-area-element fusion-widget-area-1 fusion-content-widget-area\" style=\"--awb-title-size:18px;--awb-title-color:#00a1de;--awb-padding:0px 0px 0px 0px;\"><div id=\"nav_menu-9\" class=\"widget widget_nav_menu\"><div class=\"menu-sensibilitzacio-ca-spanish-2-container\"><ul id=\"menu-sensibilitzacio-ca-spanish-2\" class=\"menu\"><li id=\"menu-item-4543\" class=\"menu-item menu-item-type-post_type menu-item-object-page menu-item-has-children menu-item-4543\"><a href=\"https:\/\/fonspitius.org\/es\/educacion\/trabajo-centros-educativos\/\">Trabajo con centros educativos<\/a>\n<ul class=\"sub-menu\">\n\t<li id=\"menu-item-15304\" class=\"menu-item menu-item-type-post_type menu-item-object-page menu-item-has-children menu-item-15304\"><a href=\"https:\/\/fonspitius.org\/es\/educacion\/trabajo-centros-educativos\/aprendizaje-servicio\/\">Aprendizaje Servicio<\/a>\n\t<ul class=\"sub-menu\">\n\t\t<li id=\"menu-item-15480\" class=\"menu-item menu-item-type-post_type menu-item-object-page menu-item-15480\"><a href=\"https:\/\/fonspitius.org\/es\/educacion\/trabajo-centros-educativos\/aprendizaje-servicio\/aprendizaje-servicio-con-centros-de-educacion-infantil-y-primaria\/\">ApS con centros de infantil y primaria<\/a><\/li>\n\t\t<li id=\"menu-item-15481\" class=\"menu-item menu-item-type-post_type menu-item-object-page menu-item-15481\"><a href=\"https:\/\/fonspitius.org\/es\/educacion\/trabajo-centros-educativos\/aprendizaje-servicio\/15442-2\/\">ApS con institutos<\/a><\/li>\n\t<\/ul>\n<\/li>\n\t<li id=\"menu-item-13555\" class=\"menu-item menu-item-type-post_type menu-item-object-page menu-item-13555\"><a href=\"https:\/\/fonspitius.org\/es\/educacion\/actividades\/\">Actividades para alumnado y recursos educativos<\/a><\/li>\n\t<li id=\"menu-item-10860\" class=\"menu-item menu-item-type-post_type menu-item-object-page menu-item-10860\"><a href=\"https:\/\/fonspitius.org\/es\/educacion\/formacion-para-el-profesorado\/\">Formaci\u00f3n para profesorado<\/a><\/li>\n<\/ul>\n<\/li>\n<li id=\"menu-item-4541\" class=\"menu-item menu-item-type-post_type menu-item-object-page menu-item-4541\"><a href=\"https:\/\/fonspitius.org\/es\/educacion\/campanas\/\">Campa\u00f1as<\/a><\/li>\n<\/ul><\/div><\/div><div class=\"fusion-additional-widget-content\"><\/div><\/div><div class=\"fusion-clearfix\"><\/div><\/div><\/div><div class=\"fusion-layout-column fusion_builder_column fusion-builder-column-1 fusion_builder_column_4_5 4_5 fusion-four-fifth fusion-column-last\" style=\"--awb-bg-size:cover;width:79.2%;\"><div class=\"fusion-column-wrapper fusion-column-has-shadow fusion-flex-column-wrapper-legacy\"><div class=\"fusion-text fusion-text-1\" style=\"--awb-font-size:18px;--awb-line-height:1.5;--awb-letter-spacing:0.015em;--awb-text-transform:none;--awb-text-font-family:&quot;Quicksand&quot;;--awb-text-font-style:normal;--awb-text-font-weight:500;\"><p style=\"text-align: justify;\">Tenemos el convencimiento de que una vida respetuosa con nuestro planeta y con los Derechos Humanos s\u00f3lo es posible a trav\u00e9s de una ciudadan\u00eda activa en la transformaci\u00f3n social. Personas que, conscientes de los retos globales actuales, sean capaces de responsabilizarse de su entorno promoviendo cambios significativos en \u00e9l, en pro de un mundo m\u00e1s sostenible y justo para todos los seres que lo habitamos.<\/p>\n<p style=\"text-align: justify;\">Y sabemos que la herramienta fundamental para ir construyendo esta ciudadan\u00eda es la <strong>educaci\u00f3n<\/strong>, entendida en un sentido amplio, que involucre a todos los agentes de nuestra comunidad: personas, entidades, asociaciones, instituciones, empresas, etc.<\/p>\n<p style=\"text-align: justify;\">Desde nuestra \u00e1rea de Educaci\u00f3n Transformadora queremos acercarnos a estos diferentes agentes, por un lado, llevando a cabo\u00a0<a href=\"https:\/\/fonspitius.org\/es\/campanas\/\" target=\"_blank\" rel=\"noopener\">campa\u00f1as de sensibilizaci\u00f3n<\/a> y, por otro,<a href=\"https:\/\/fonspitius.org\/es\/educacion\/trabajo-centros-educativos\/\" target=\"_blank\" rel=\"noopener\"> trabajando estrechamente con la comunidad educativa.<\/a><\/p>\n<\/div><div class=\"fusion-clearfix\"><\/div><\/div><\/div><\/div><\/div>\n","protected":false},"excerpt":{"rendered":"","protected":false},"author":2,"featured_media":0,"parent":0,"menu_order":0,"comment_status":"closed","ping_status":"closed","template":"","meta":{"_acf_changed":false,"footnotes":""},"class_list":["post-3451","page","type-page","status-publish","hentry"],"acf":[],"_links":{"self":[{"href":"https:\/\/fonspitius.org\/es\/wp-json\/wp\/v2\/pages\/3451","targetHints":{"allow":["GET"]}}],"collection":[{"href":"https:\/\/fonspitius.org\/es\/wp-json\/wp\/v2\/pages"}],"about":[{"href":"https:\/\/fonspitius.org\/es\/wp-json\/wp\/v2\/types\/page"}],"author":[{"embeddable":true,"href":"https:\/\/fonspitius.org\/es\/wp-json\/wp\/v2\/users\/2"}],"replies":[{"embeddable":true,"href":"https:\/\/fonspitius.org\/es\/wp-json\/wp\/v2\/comments?post=3451"}],"version-history":[{"count":0,"href":"https:\/\/fonspitius.org\/es\/wp-json\/wp\/v2\/pages\/3451\/revisions"}],"wp:attachment":[{"href":"https:\/\/fonspitius.org\/es\/wp-json\/wp\/v2\/media?parent=3451"}],"curies":[{"name":"wp","href":"https:\/\/api.w.org\/{rel}","templated":true}]}}