{"id":3447,"date":"2016-06-16T07:30:31","date_gmt":"2016-06-16T07:30:31","guid":{"rendered":"http:\/\/fonspitius.com.es\/?page_id=3447"},"modified":"2023-07-07T11:02:26","modified_gmt":"2023-07-07T11:02:26","slug":"el-fondo","status":"publish","type":"page","link":"https:\/\/fonspitius.org\/es\/el-fondo\/","title":{"rendered":"El Fons"},"content":{"rendered":"<div class=\"fusion-fullwidth fullwidth-box fusion-builder-row-1 hundred-percent-fullwidth non-hundred-percent-height-scrolling\" style=\"--awb-border-radius-top-left:0px;--awb-border-radius-top-right:0px;--awb-border-radius-bottom-right:0px;--awb-border-radius-bottom-left:0px;--awb-overflow:visible;--awb-flex-wrap:wrap;\" ><div class=\"fusion-builder-row fusion-row\"><div class=\"fusion-layout-column fusion_builder_column fusion-builder-column-0 fusion_builder_column_1_5 1_5 fusion-one-fifth fusion-column-first\" style=\"--awb-bg-size:cover;width:16.8%; margin-right: 4%;\"><div class=\"fusion-column-wrapper fusion-flex-column-wrapper-legacy\"><div class=\"fusion-widget-area awb-widget-area-element fusion-widget-area-1 fusion-content-widget-area\" style=\"--awb-title-size:18px;--awb-title-color:#00a1de;--awb-padding:0px 0px 0px 0px;\"><div class=\"fusion-additional-widget-content\"><\/div><\/div><div class=\"fusion-clearfix\"><\/div><\/div><\/div><div class=\"fusion-layout-column fusion_builder_column fusion-builder-column-1 fusion_builder_column_4_5 4_5 fusion-four-fifth fusion-column-last\" style=\"--awb-bg-size:cover;width:79.2%;\"><div class=\"fusion-column-wrapper fusion-flex-column-wrapper-legacy\"><div class=\"fusion-title title fusion-title-1 fusion-sep-none fusion-title-text fusion-title-size-four\" style=\"--awb-margin-top:30px;--awb-margin-bottom:15px;--awb-margin-top-small:0px;--awb-margin-right-small:0px;--awb-margin-bottom-small:20px;--awb-margin-left-small:0px;\"><h4 class=\"fusion-title-heading title-heading-left fusion-responsive-typography-calculated\" style=\"margin:0;--fontSize:18;--minFontSize:18;line-height:1.33;\">\u00bfqu\u00e9 es?<\/h4><\/div><div class=\"fusion-text fusion-text-1\" style=\"--awb-text-transform:none;\"><p style=\"text-align: justify;\">El Fons Piti\u00fas de Cooperaci\u00f3 es una asociaci\u00f3n sin \u00e1nimo de lucro que est\u00e1 formada por las entidades locales de Eivissa y Formentera (Ayuntamiento y Consells), as\u00ed como por el Gobierno de las Illes Balears. Se constituy\u00f3 en octubre de 1999.<\/p>\n<p style=\"text-align: justify;\">Desde una mirada local, mediterr\u00e1nea e insular, esta red de entidades locales trabaja en cooperaci\u00f3n para la construcci\u00f3n de una sociedad plural y respetuosa, desde la defensa y promoci\u00f3n de los Derechos Humanos, la paz y el desarrollo sostenible, contribuyendo a la erradicaci\u00f3n de las desigualdades que, a nivel social, econ\u00f3mico y pol\u00edtico, existen en nuestro planeta.<\/p>\n<p style=\"text-align: justify;\">El trabajo conjunto permite incrementar la calidad y la incidencia de las acciones que se llevan a cabo en el \u00e1mbito de la cooperaci\u00f3n y educaci\u00f3n para la transformaci\u00f3n social desde nuestras islas.<\/p>\n<p style=\"text-align: justify;\">Esta cooperaci\u00f3n es la expresi\u00f3n del compromiso y la solidaridad de la ciudadan\u00eda de las Pitiusas que, a trav\u00e9s de sus instituciones m\u00e1s cercanas, contribuyen con sus impuestos al bienestar de los pueblos y de las personas.<\/p>\n<p style=\"text-align: justify;\">El Fons Piti\u00fas fue declarado entidad de utilidad p\u00fablica por el Consejo de Ministros en el mes de abril de 2004, en reconocimiento del trabajo desarrollado y por la transparencia en su gesti\u00f3n.<\/p>\n<p style=\"text-align: justify;\">Los estatutos actuales del Fons se pueden consultar haciendo clic <a href=\"http:\/\/fonspitius.org\/wp-content\/uploads\/Estatuts_abril_2022.pdf\" target=\"_blank\" rel=\"noopener\">AQU\u00cd<\/a><\/p>\n<\/div><div class=\"fusion-clearfix\"><\/div><\/div><\/div><\/div><\/div>\n","protected":false},"excerpt":{"rendered":"","protected":false},"author":2,"featured_media":0,"parent":0,"menu_order":0,"comment_status":"closed","ping_status":"closed","template":"","meta":{"_acf_changed":false,"footnotes":""},"class_list":["post-3447","page","type-page","status-publish","hentry"],"acf":[],"_links":{"self":[{"href":"https:\/\/fonspitius.org\/es\/wp-json\/wp\/v2\/pages\/3447","targetHints":{"allow":["GET"]}}],"collection":[{"href":"https:\/\/fonspitius.org\/es\/wp-json\/wp\/v2\/pages"}],"about":[{"href":"https:\/\/fonspitius.org\/es\/wp-json\/wp\/v2\/types\/page"}],"author":[{"embeddable":true,"href":"https:\/\/fonspitius.org\/es\/wp-json\/wp\/v2\/users\/2"}],"replies":[{"embeddable":true,"href":"https:\/\/fonspitius.org\/es\/wp-json\/wp\/v2\/comments?post=3447"}],"version-history":[{"count":0,"href":"https:\/\/fonspitius.org\/es\/wp-json\/wp\/v2\/pages\/3447\/revisions"}],"wp:attachment":[{"href":"https:\/\/fonspitius.org\/es\/wp-json\/wp\/v2\/media?parent=3447"}],"curies":[{"name":"wp","href":"https:\/\/api.w.org\/{rel}","templated":true}]}}