{"id":15442,"date":"2024-07-30T13:40:41","date_gmt":"2024-07-30T11:40:41","guid":{"rendered":"https:\/\/fonspitius.org\/?page_id=15442"},"modified":"2026-01-28T13:32:33","modified_gmt":"2026-01-28T12:32:33","slug":"15442-2","status":"publish","type":"page","link":"https:\/\/fonspitius.org\/es\/educacion\/trabajo-centros-educativos\/aprendizaje-servicio\/15442-2\/","title":{"rendered":"Aprendizaje Servicio con institutos de educaci\u00f3n secundaria\u00a0"},"content":{"rendered":"<div class=\"fusion-fullwidth fullwidth-box fusion-builder-row-1 fusion-flex-container nonhundred-percent-fullwidth non-hundred-percent-height-scrolling\" style=\"--awb-border-radius-top-left:0px;--awb-border-radius-top-right:0px;--awb-border-radius-bottom-right:0px;--awb-border-radius-bottom-left:0px;--awb-flex-wrap:wrap;\" ><div class=\"fusion-builder-row fusion-row fusion-flex-align-items-flex-start fusion-flex-content-wrap\" style=\"max-width:1393.6px;margin-left: calc(-4% \/ 2 );margin-right: calc(-4% \/ 2 );\"><div class=\"fusion-layout-column fusion_builder_column fusion-builder-column-0 fusion_builder_column_1_5 1_5 fusion-flex-column\" style=\"--awb-bg-size:cover;--awb-width-large:20%;--awb-margin-top-large:0px;--awb-spacing-right-large:3.84%;--awb-margin-bottom-large:0px;--awb-spacing-left-large:9.6%;--awb-width-medium:100%;--awb-spacing-right-medium:1.92%;--awb-spacing-left-medium:1.92%;--awb-width-small:100%;--awb-spacing-right-small:1.92%;--awb-spacing-left-small:1.92%;\"><div class=\"fusion-column-wrapper fusion-flex-justify-content-flex-start fusion-content-layout-column\"><div class=\"fusion-widget-area awb-widget-area-element fusion-widget-area-1 fusion-content-widget-area\" style=\"--awb-title-size:18px;--awb-title-color:#00a1de;--awb-padding:0px 0px 0px 0px;\"><div id=\"nav_menu-9\" class=\"widget widget_nav_menu\"><div class=\"menu-sensibilitzacio-ca-spanish-2-container\"><ul id=\"menu-sensibilitzacio-ca-spanish-2\" class=\"menu\"><li id=\"menu-item-4543\" class=\"menu-item menu-item-type-post_type menu-item-object-page menu-item-has-children menu-item-4543\"><a href=\"https:\/\/fonspitius.org\/es\/educacion\/trabajo-centros-educativos\/\">Trabajo con centros educativos<\/a>\n<ul class=\"sub-menu\">\n\t<li id=\"menu-item-15304\" class=\"menu-item menu-item-type-post_type menu-item-object-page menu-item-has-children menu-item-15304\"><a href=\"https:\/\/fonspitius.org\/es\/educacion\/trabajo-centros-educativos\/aprendizaje-servicio\/\">Aprendizaje Servicio<\/a>\n\t<ul class=\"sub-menu\">\n\t\t<li id=\"menu-item-15480\" class=\"menu-item menu-item-type-post_type menu-item-object-page menu-item-15480\"><a href=\"https:\/\/fonspitius.org\/es\/educacion\/trabajo-centros-educativos\/aprendizaje-servicio\/aprendizaje-servicio-con-centros-de-educacion-infantil-y-primaria\/\">ApS con centros de infantil y primaria<\/a><\/li>\n\t\t<li id=\"menu-item-15481\" class=\"menu-item menu-item-type-post_type menu-item-object-page menu-item-15481\"><a href=\"https:\/\/fonspitius.org\/es\/educacion\/trabajo-centros-educativos\/aprendizaje-servicio\/15442-2\/\">ApS con institutos<\/a><\/li>\n\t<\/ul>\n<\/li>\n\t<li id=\"menu-item-13555\" class=\"menu-item menu-item-type-post_type menu-item-object-page menu-item-13555\"><a href=\"https:\/\/fonspitius.org\/es\/educacion\/actividades\/\">Actividades para alumnado y recursos educativos<\/a><\/li>\n\t<li id=\"menu-item-10860\" class=\"menu-item menu-item-type-post_type menu-item-object-page menu-item-10860\"><a href=\"https:\/\/fonspitius.org\/es\/educacion\/formacion-para-el-profesorado\/\">Formaci\u00f3n para profesorado<\/a><\/li>\n<\/ul>\n<\/li>\n<li id=\"menu-item-4541\" class=\"menu-item menu-item-type-post_type menu-item-object-page menu-item-4541\"><a href=\"https:\/\/fonspitius.org\/es\/educacion\/campanas\/\">Campa\u00f1as<\/a><\/li>\n<\/ul><\/div><\/div><div class=\"fusion-additional-widget-content\"><\/div><\/div><\/div><\/div><div class=\"fusion-layout-column fusion_builder_column fusion-builder-column-1 fusion_builder_column_4_5 4_5 fusion-flex-column\" style=\"--awb-bg-size:cover;--awb-width-large:80%;--awb-margin-top-large:0px;--awb-spacing-right-large:2.4%;--awb-margin-bottom-large:0px;--awb-spacing-left-large:3.84%;--awb-width-medium:100%;--awb-order-medium:0;--awb-spacing-right-medium:1.92%;--awb-spacing-left-medium:1.92%;--awb-width-small:100%;--awb-order-small:0;--awb-spacing-right-small:1.92%;--awb-spacing-left-small:1.92%;\"><div class=\"fusion-column-wrapper fusion-column-has-shadow fusion-flex-justify-content-flex-start fusion-content-layout-column\"><div class=\"fusion-text fusion-text-1\"><h3 style=\"text-align: center;\">Aprendizaje Servicio con Institutos de Educaci\u00f3n Secundaria<\/h3>\n<p><img decoding=\"async\" class=\"aligncenter wp-image-16841\" src=\"https:\/\/fonspitius.org\/wp-content\/uploads\/Cartells-Satone-Mei-OK-300x211.png\" alt=\"\" width=\"900\" height=\"632\" srcset=\"https:\/\/fonspitius.org\/wp-content\/uploads\/Cartells-Satone-Mei-OK-200x141.png 200w, https:\/\/fonspitius.org\/wp-content\/uploads\/Cartells-Satone-Mei-OK-300x211.png 300w, https:\/\/fonspitius.org\/wp-content\/uploads\/Cartells-Satone-Mei-OK-400x281.png 400w, https:\/\/fonspitius.org\/wp-content\/uploads\/Cartells-Satone-Mei-OK-600x422.png 600w, https:\/\/fonspitius.org\/wp-content\/uploads\/Cartells-Satone-Mei-OK-800x562.png 800w, https:\/\/fonspitius.org\/wp-content\/uploads\/Cartells-Satone-Mei-OK-1024x720.png 1024w, https:\/\/fonspitius.org\/wp-content\/uploads\/Cartells-Satone-Mei-OK-1200x843.png 1200w, https:\/\/fonspitius.org\/wp-content\/uploads\/Cartells-Satone-Mei-OK-1536x1079.png 1536w, https:\/\/fonspitius.org\/wp-content\/uploads\/Cartells-Satone-Mei-OK.png 1611w\" sizes=\"(max-width: 900px) 100vw, 900px\" \/><\/p>\n<h6 style=\"padding-left: 720px;\">Cartel dise\u00f1ado por Satone Mei<\/h6>\n<p style=\"text-align: justify;\">El programa <strong>J\u00d3VENES DE IBIZA CONTRA EL RACISMO Y LA XENOFOBIA<\/strong> se desarrolla en la isla de Ibiza, mediante la colaboraci\u00f3n entre el Fons Piti\u00fas de Cooperaci\u00f3, Creu Roja Illes Balears y diversos centros de educaci\u00f3n secundaria.<\/p>\n<p style=\"text-align: justify;\">Su finalidad es impulsar el desarrollo de proyectos de ApS desde los institutos, los cuales favorezcan la convivencia intercultural en la comunidad, previniendo comportamientos y actitudes xen\u00f3fobas o racistas. Para ello, el Fons Piti\u00fas de Cooperaci\u00f3 y Creu Roja imparte una serie de actividades de sensibilizaci\u00f3n a los grupos participantes, quienes se encargar\u00e1n posteriormente de analizar las necesidades de su entorno, para dise\u00f1ar y poner en marcha un servicio comunitario dirigido especialmente a la poblaci\u00f3n joven.<\/p>\n<h4 style=\"text-align: justify;\"><strong>OBJETIVOS DEL PROGRAMA <\/strong><\/h4>\n<ul style=\"text-align: justify;\">\n<li>Facilitar la comprensi\u00f3n, desde una perspectiva global, de las causas de los movimientos migratorios actuales y la realidad de las personas que migran.<\/li>\n<li>Contribuir a la erradicaci\u00f3n de actitudes y creencias xen\u00f3fobas o racistas en la poblaci\u00f3n joven, aprendiendo a identificar y contrarrestar los falsos rumores hacia las personas que migran, as\u00ed como estereotipos, prejuicios y discursos de odio hacia personas racializadas.<\/li>\n<li>Fomentar relaciones humanas basadas en la igualdad, la empat\u00eda, la valoraci\u00f3n de la diversidad y la interculturalidad, entendida como la capacidad de intercambio cultural y de transformaci\u00f3n personal.<\/li>\n<li>Incentivar el compromiso del alumnado en el respeto y la defensa de los Derechos Humanos<\/li>\n<li>Impulsar metodolog\u00edas de Aprendizaje Servicio, que promuevan la cultura de paz y que est\u00e9n vinculadas al entorno humano y comunitario de los centros educativos de la isla de Ibiza.<\/li>\n<li>Generar proyectos que, partiendo de necesidades reales de este entorno, favorezcan la convivencia intercultural en la comunidad, previniendo comportamientos y actitudes xen\u00f3fobas y racistas, especialmente en la poblaci\u00f3n joven.<\/li>\n<li>Potenciar el intercambio de experiencias inspiradoras entre centros educativos.<\/li>\n<\/ul>\n<p style=\"text-align: justify;\">Esta iniciativa surge a partir del proyecto realizado con l&#8217;Escola d&#8217;Art d&#8217;Eivissa durante el curso 2023-24, en el cual el alumnado del<a href=\"https:\/\/fonspitius.org\/es\/participacion-en-las-ii-jornadas-de-educacion-para-la-transformacion-social\/\" target=\"_blank\" rel=\"noopener\">\u00a0ciclo formativo APGI elabor\u00f3 una serie de productos gr\u00e1ficos y audiovisuales<\/a>\u00a0para nuestra <a href=\"https:\/\/fonspitius.org\/es\/sensibilizacion\/2023-frente-al-racismo-y-la-xenofobia-actuamos\/\" target=\"_blank\" rel=\"noopener\">campa\u00f1a FRENTE AL RACISMO Y LA XENOFOBIA, \u00a1ACTUAMOS!<\/a><\/p>\n<p style=\"text-align: justify;\">Consulta como fue <a href=\"https:\/\/fonspitius.org\/es\/sensibilizacion\/jovenes-deibiza-contra-el-racismo-y-la-xenofobia-i-edicion-2024-25\/\" target=\"_blank\" rel=\"noopener\"><strong>primera edici\u00f3n del programa J\u00d3VENES DE IBIZA CONTRA EL RACISMO Y LA XENOFOBIA 2024\/25.<\/strong><\/a><\/p>\n<p style=\"text-align: justify;\">En este curso <strong>2025\/26<\/strong> estamos desarrollando la <strong>segunda edici\u00f3n del programa<\/strong>, en la que participan <strong>13 grupos<\/strong> de 2\u00ba y 4\u00ba de la ESO de los <strong>IES Santa Maria d&#8217;Eivissa, Isidor Macabich y Algarb.<\/strong><\/p>\n<\/div><div class=\"fusion-alert alert custom alert-custom fusion-alert-center awb-alert-native-link-color\" style=\"--awb-background-color:rgba(17,173,147,0.44);--awb-accent-color:#000000;--awb-border-size:2px;--awb-border-top-left-radius:0px;--awb-border-top-right-radius:0px;--awb-border-bottom-left-radius:0px;--awb-border-bottom-right-radius:0px;\" role=\"alert\"><div class=\"fusion-alert-content-wrapper\"><span class=\"alert-icon\"><i class=\"fa-info-circle fas\" aria-hidden=\"true\"><\/i><\/span><span class=\"fusion-alert-content\"><p class=\"fusion-responsive-typography-calculated\" style=\"text-align: center;\" data-fontsize=\"18\" data-lineheight=\"23.94px\"><strong>\u00bfEres docente en un centro educativo?<\/strong><\/p>\n<p class=\"fusion-responsive-typography-calculated\" style=\"text-align: center;\" data-fontsize=\"18\" data-lineheight=\"23.94px\"><strong>\u00bfTe interesa participar en esta iniciativa o quieres recibir m\u00e1s informaci\u00f3n?<\/strong><\/p>\n<p class=\"fusion-responsive-typography-calculated\" style=\"text-align: center;\" data-fontsize=\"18\" data-lineheight=\"23.94px\"><strong>CONT\u00c1CTANOS<\/strong><\/p>\n<p class=\"fusion-responsive-typography-calculated\" style=\"text-align: center;\" data-fontsize=\"18\" data-lineheight=\"23.94px\"><strong>educacio@fonspitius.org<\/strong><\/p><\/span><\/div><\/div><\/div><\/div><\/div><\/div>\n","protected":false},"excerpt":{"rendered":"","protected":false},"author":5,"featured_media":0,"parent":15246,"menu_order":0,"comment_status":"closed","ping_status":"closed","template":"","meta":{"_acf_changed":false,"footnotes":""},"class_list":["post-15442","page","type-page","status-publish","hentry"],"acf":[],"_links":{"self":[{"href":"https:\/\/fonspitius.org\/es\/wp-json\/wp\/v2\/pages\/15442","targetHints":{"allow":["GET"]}}],"collection":[{"href":"https:\/\/fonspitius.org\/es\/wp-json\/wp\/v2\/pages"}],"about":[{"href":"https:\/\/fonspitius.org\/es\/wp-json\/wp\/v2\/types\/page"}],"author":[{"embeddable":true,"href":"https:\/\/fonspitius.org\/es\/wp-json\/wp\/v2\/users\/5"}],"replies":[{"embeddable":true,"href":"https:\/\/fonspitius.org\/es\/wp-json\/wp\/v2\/comments?post=15442"}],"version-history":[{"count":0,"href":"https:\/\/fonspitius.org\/es\/wp-json\/wp\/v2\/pages\/15442\/revisions"}],"up":[{"embeddable":true,"href":"https:\/\/fonspitius.org\/es\/wp-json\/wp\/v2\/pages\/15246"}],"wp:attachment":[{"href":"https:\/\/fonspitius.org\/es\/wp-json\/wp\/v2\/media?parent=15442"}],"curies":[{"name":"wp","href":"https:\/\/api.w.org\/{rel}","templated":true}]}}