{"id":15439,"date":"2024-07-30T13:21:42","date_gmt":"2024-07-30T11:21:42","guid":{"rendered":"https:\/\/fonspitius.org\/?page_id=15439"},"modified":"2024-07-31T08:14:36","modified_gmt":"2024-07-31T06:14:36","slug":"aprendizaje-servicio-con-centros-de-educacion-infantil-y-primaria","status":"publish","type":"page","link":"https:\/\/fonspitius.org\/es\/educacion\/trabajo-centros-educativos\/aprendizaje-servicio\/aprendizaje-servicio-con-centros-de-educacion-infantil-y-primaria\/","title":{"rendered":"Aprendizaje Servicio con centros de educaci\u00f3n infantil y primaria"},"content":{"rendered":"<div class=\"fusion-fullwidth fullwidth-box fusion-builder-row-1 fusion-flex-container nonhundred-percent-fullwidth non-hundred-percent-height-scrolling\" style=\"--awb-border-radius-top-left:0px;--awb-border-radius-top-right:0px;--awb-border-radius-bottom-right:0px;--awb-border-radius-bottom-left:0px;--awb-flex-wrap:wrap;\" ><div class=\"fusion-builder-row fusion-row fusion-flex-align-items-flex-start fusion-flex-content-wrap\" style=\"max-width:1393.6px;margin-left: calc(-4% \/ 2 );margin-right: calc(-4% \/ 2 );\"><div class=\"fusion-layout-column fusion_builder_column fusion-builder-column-0 fusion_builder_column_1_5 1_5 fusion-flex-column\" style=\"--awb-bg-size:cover;--awb-width-large:20%;--awb-margin-top-large:0px;--awb-spacing-right-large:9.6%;--awb-margin-bottom-large:0px;--awb-spacing-left-large:9.6%;--awb-width-medium:100%;--awb-spacing-right-medium:1.92%;--awb-spacing-left-medium:1.92%;--awb-width-small:100%;--awb-spacing-right-small:1.92%;--awb-spacing-left-small:1.92%;\"><div class=\"fusion-column-wrapper fusion-flex-justify-content-flex-start fusion-content-layout-column\"><div class=\"fusion-widget-area awb-widget-area-element fusion-widget-area-1 fusion-content-widget-area\" style=\"--awb-title-size:18px;--awb-title-color:#00a1de;--awb-padding:0px 0px 0px 0px;\"><div id=\"nav_menu-9\" class=\"widget widget_nav_menu\"><div class=\"menu-sensibilitzacio-ca-spanish-2-container\"><ul id=\"menu-sensibilitzacio-ca-spanish-2\" class=\"menu\"><li id=\"menu-item-4543\" class=\"menu-item menu-item-type-post_type menu-item-object-page menu-item-has-children menu-item-4543\"><a href=\"https:\/\/fonspitius.org\/es\/educacion\/trabajo-centros-educativos\/\">Trabajo con centros educativos<\/a>\n<ul class=\"sub-menu\">\n\t<li id=\"menu-item-15304\" class=\"menu-item menu-item-type-post_type menu-item-object-page menu-item-has-children menu-item-15304\"><a href=\"https:\/\/fonspitius.org\/es\/educacion\/trabajo-centros-educativos\/aprendizaje-servicio\/\">Aprendizaje Servicio<\/a>\n\t<ul class=\"sub-menu\">\n\t\t<li id=\"menu-item-15480\" class=\"menu-item menu-item-type-post_type menu-item-object-page menu-item-15480\"><a href=\"https:\/\/fonspitius.org\/es\/educacion\/trabajo-centros-educativos\/aprendizaje-servicio\/aprendizaje-servicio-con-centros-de-educacion-infantil-y-primaria\/\">ApS con centros de infantil y primaria<\/a><\/li>\n\t\t<li id=\"menu-item-15481\" class=\"menu-item menu-item-type-post_type menu-item-object-page menu-item-15481\"><a href=\"https:\/\/fonspitius.org\/es\/educacion\/trabajo-centros-educativos\/aprendizaje-servicio\/15442-2\/\">ApS con institutos<\/a><\/li>\n\t<\/ul>\n<\/li>\n\t<li id=\"menu-item-13555\" class=\"menu-item menu-item-type-post_type menu-item-object-page menu-item-13555\"><a href=\"https:\/\/fonspitius.org\/es\/educacion\/actividades\/\">Actividades para alumnado y recursos educativos<\/a><\/li>\n\t<li id=\"menu-item-10860\" class=\"menu-item menu-item-type-post_type menu-item-object-page menu-item-10860\"><a href=\"https:\/\/fonspitius.org\/es\/educacion\/formacion-para-el-profesorado\/\">Formaci\u00f3n para profesorado<\/a><\/li>\n<\/ul>\n<\/li>\n<li id=\"menu-item-4541\" class=\"menu-item menu-item-type-post_type menu-item-object-page menu-item-4541\"><a href=\"https:\/\/fonspitius.org\/es\/educacion\/campanas\/\">Campa\u00f1as<\/a><\/li>\n<\/ul><\/div><\/div><div class=\"fusion-additional-widget-content\"><\/div><\/div><\/div><\/div><div class=\"fusion-layout-column fusion_builder_column fusion-builder-column-1 fusion_builder_column_4_5 4_5 fusion-flex-column\" style=\"--awb-bg-size:cover;--awb-width-large:80%;--awb-margin-top-large:0px;--awb-spacing-right-large:2.4%;--awb-margin-bottom-large:0px;--awb-spacing-left-large:2.4%;--awb-width-medium:100%;--awb-order-medium:0;--awb-spacing-right-medium:1.92%;--awb-spacing-left-medium:1.92%;--awb-width-small:100%;--awb-order-small:0;--awb-spacing-right-small:1.92%;--awb-spacing-left-small:1.92%;\"><div class=\"fusion-column-wrapper fusion-column-has-shadow fusion-flex-justify-content-flex-start fusion-content-layout-column\"><div class=\"fusion-text fusion-text-1\"><h3 style=\"text-align: center;\">Aprendizaje Servicio con centros de educaci\u00f3n infantil y primaria<\/h3>\n<div class=\"video-shortcode\"><iframe title=\"FONS PITI\u00daS DE COOPERACI\u00d3 - PROJECTES 2022-23\" width=\"1340\" height=\"754\" src=\"https:\/\/www.youtube.com\/embed\/GlqSVDUtzu8?start=1528&#038;feature=oembed\" frameborder=\"0\" allow=\"accelerometer; autoplay; clipboard-write; encrypted-media; gyroscope; picture-in-picture; web-share\" referrerpolicy=\"strict-origin-when-cross-origin\" allowfullscreen><\/iframe><\/div>\n<p style=\"text-align: justify;\">En el curso 2022-23 empezamos a trabajar con la metodolog\u00eda de ApS, introduci\u00e9ndola en nuestra tarea con los centros de la antigua Red Educativa para la Transformaci\u00f3n Social. Estos centros, unidos entre ellos y con el Fons por su compromiso con la EpTS, llevaron a cabo durante dos cursos escolares un programa de Red denominado LA VIDA EN EL CENTRO: PAZ Y JUSTICIA. Una iniciativa educativa que se concret\u00f3 a promover la Cultura de Paz en el entorno de las escuelas a trav\u00e9s de proyectos de Aprendizaje Servicio.<\/p>\n<p style=\"text-align: justify;\">En el video pod\u00e9is ver todas las actividades que se han desarrollado alrededor de este programa, as\u00ed como los proyectos que pusieron en marcha algunos centros de la Red y que abarcan diferentes \u00e1mbitos de la Cultura de Paz:\u00a0 convivencia y resoluci\u00f3n de conflictos, gesti\u00f3n emocional y paz interior, relaciones interculturales, relaci\u00f3n con el entorno y participaci\u00f3n ciudadana, protecci\u00f3n y respeto del medio natural, igualdad, inclusi\u00f3n y valoraci\u00f3n de la diversidad.<\/p>\n<\/div><\/div><\/div><\/div><\/div>\n","protected":false},"excerpt":{"rendered":"","protected":false},"author":5,"featured_media":0,"parent":15246,"menu_order":0,"comment_status":"closed","ping_status":"closed","template":"","meta":{"_acf_changed":false,"footnotes":""},"class_list":["post-15439","page","type-page","status-publish","hentry"],"acf":[],"_links":{"self":[{"href":"https:\/\/fonspitius.org\/es\/wp-json\/wp\/v2\/pages\/15439","targetHints":{"allow":["GET"]}}],"collection":[{"href":"https:\/\/fonspitius.org\/es\/wp-json\/wp\/v2\/pages"}],"about":[{"href":"https:\/\/fonspitius.org\/es\/wp-json\/wp\/v2\/types\/page"}],"author":[{"embeddable":true,"href":"https:\/\/fonspitius.org\/es\/wp-json\/wp\/v2\/users\/5"}],"replies":[{"embeddable":true,"href":"https:\/\/fonspitius.org\/es\/wp-json\/wp\/v2\/comments?post=15439"}],"version-history":[{"count":0,"href":"https:\/\/fonspitius.org\/es\/wp-json\/wp\/v2\/pages\/15439\/revisions"}],"up":[{"embeddable":true,"href":"https:\/\/fonspitius.org\/es\/wp-json\/wp\/v2\/pages\/15246"}],"wp:attachment":[{"href":"https:\/\/fonspitius.org\/es\/wp-json\/wp\/v2\/media?parent=15439"}],"curies":[{"name":"wp","href":"https:\/\/api.w.org\/{rel}","templated":true}]}}