{"id":13486,"date":"2023-07-05T12:56:24","date_gmt":"2023-07-05T12:56:24","guid":{"rendered":"https:\/\/fonspitius.org\/?page_id=13486"},"modified":"2025-10-21T14:48:21","modified_gmt":"2025-10-21T12:48:21","slug":"actividades","status":"publish","type":"page","link":"https:\/\/fonspitius.org\/es\/educacion\/actividades\/","title":{"rendered":"Actividades para alumnado y recursos educativos"},"content":{"rendered":"<p><div class=\"fusion-fullwidth fullwidth-box fusion-builder-row-1 fusion-flex-container nonhundred-percent-fullwidth non-hundred-percent-height-scrolling\" style=\"--awb-border-radius-top-left:0px;--awb-border-radius-top-right:0px;--awb-border-radius-bottom-right:0px;--awb-border-radius-bottom-left:0px;--awb-flex-wrap:wrap;\" ><div class=\"fusion-builder-row fusion-row fusion-flex-align-items-flex-start fusion-flex-content-wrap\" style=\"max-width:1393.6px;margin-left: calc(-4% \/ 2 );margin-right: calc(-4% \/ 2 );\"><div class=\"fusion-layout-column fusion_builder_column fusion-builder-column-0 fusion_builder_column_1_5 1_5 fusion-flex-column\" style=\"--awb-bg-size:cover;--awb-width-large:20%;--awb-margin-top-large:0px;--awb-spacing-right-large:9.6%;--awb-margin-bottom-large:0px;--awb-spacing-left-large:9.6%;--awb-width-medium:100%;--awb-order-medium:0;--awb-spacing-right-medium:1.92%;--awb-spacing-left-medium:1.92%;--awb-width-small:100%;--awb-order-small:0;--awb-spacing-right-small:1.92%;--awb-spacing-left-small:1.92%;\"><div class=\"fusion-column-wrapper fusion-column-has-shadow fusion-flex-justify-content-flex-start fusion-content-layout-column\"><div class=\"fusion-widget-area awb-widget-area-element fusion-widget-area-1 fusion-content-widget-area\" style=\"--awb-title-size:18px;--awb-title-color:#00a1de;--awb-padding:0px 0px 0px 0px;\"><div id=\"nav_menu-9\" class=\"widget widget_nav_menu\"><div class=\"menu-sensibilitzacio-ca-spanish-2-container\"><ul id=\"menu-sensibilitzacio-ca-spanish-2\" class=\"menu\"><li id=\"menu-item-4543\" class=\"menu-item menu-item-type-post_type menu-item-object-page menu-item-has-children menu-item-4543\"><a href=\"https:\/\/fonspitius.org\/es\/educacion\/trabajo-centros-educativos\/\">Trabajo con centros educativos<\/a>\n<ul class=\"sub-menu\">\n\t<li id=\"menu-item-15304\" class=\"menu-item menu-item-type-post_type menu-item-object-page menu-item-has-children menu-item-15304\"><a href=\"https:\/\/fonspitius.org\/es\/educacion\/trabajo-centros-educativos\/aprendizaje-servicio\/\">Aprendizaje Servicio<\/a>\n\t<ul class=\"sub-menu\">\n\t\t<li id=\"menu-item-15480\" class=\"menu-item menu-item-type-post_type menu-item-object-page menu-item-15480\"><a href=\"https:\/\/fonspitius.org\/es\/educacion\/trabajo-centros-educativos\/aprendizaje-servicio\/aprendizaje-servicio-con-centros-de-educacion-infantil-y-primaria\/\">ApS con centros de infantil y primaria<\/a><\/li>\n\t\t<li id=\"menu-item-15481\" class=\"menu-item menu-item-type-post_type menu-item-object-page menu-item-15481\"><a href=\"https:\/\/fonspitius.org\/es\/educacion\/trabajo-centros-educativos\/aprendizaje-servicio\/15442-2\/\">ApS con institutos<\/a><\/li>\n\t<\/ul>\n<\/li>\n\t<li id=\"menu-item-13555\" class=\"menu-item menu-item-type-post_type menu-item-object-page menu-item-13555\"><a href=\"https:\/\/fonspitius.org\/es\/educacion\/actividades\/\">Actividades para alumnado y recursos educativos<\/a><\/li>\n\t<li id=\"menu-item-10860\" class=\"menu-item menu-item-type-post_type menu-item-object-page menu-item-10860\"><a href=\"https:\/\/fonspitius.org\/es\/educacion\/formacion-para-el-profesorado\/\">Formaci\u00f3n para profesorado<\/a><\/li>\n<\/ul>\n<\/li>\n<li id=\"menu-item-4541\" class=\"menu-item menu-item-type-post_type menu-item-object-page menu-item-4541\"><a href=\"https:\/\/fonspitius.org\/es\/educacion\/campanas\/\">Campa\u00f1as<\/a><\/li>\n<\/ul><\/div><\/div><div class=\"fusion-additional-widget-content\"><\/div><\/div><\/div><\/div><div class=\"fusion-layout-column fusion_builder_column fusion-builder-column-1 fusion_builder_column_4_5 4_5 fusion-flex-column\" style=\"--awb-bg-size:cover;--awb-width-large:80%;--awb-margin-top-large:0px;--awb-spacing-right-large:2.4%;--awb-margin-bottom-large:0px;--awb-spacing-left-large:2.4%;--awb-width-medium:100%;--awb-spacing-right-medium:1.92%;--awb-spacing-left-medium:1.92%;--awb-width-small:100%;--awb-spacing-right-small:1.92%;--awb-spacing-left-small:1.92%;\"><div class=\"fusion-column-wrapper fusion-flex-justify-content-flex-start fusion-content-layout-column\"><div class=\"fusion-text fusion-text-1\"><p style=\"text-align: justify;\">Para los centros educativos de las Illes Piti\u00fcses ofrecemos un conjunto de actividades con el objetivo de acompa\u00f1arlos en el camino de la Educaci\u00f3n para la Transformaci\u00f3n Social (EpTS). En coherencia con este prop\u00f3sito, valoramos que se soliciten <strong>contextualizadas<\/strong> dentro de la programaci\u00f3n de aula y no como actividades aisladas.<\/p>\n<p style=\"text-align: justify;\">Durante el curso 2025-26, los contenidos de los talleres y exposiciones est\u00e1n directamente relacionados con nuestro eje estrat\u00e9gico de \u00abDerechos Humanos de las personas migrantes\u00bb: interculturalidad, cultura de paz, migraciones y antirracismo. Adem\u00e1s, continuamos ofreciendo el Escape Room sobre los ODS de la Agenda 2030.<\/p>\n<p style=\"text-align: justify;\">Si os propon\u00e9is trabajar cualquiera de estos contenidos con el alumnado, pod\u00e9is pedir nuestras actividades a trav\u00e9s del correo <strong><a href=\"mailto:educacio@fonspitius.org\">educacio@fonspitius.org<\/a>. <\/strong>Todas son gratuitas.<\/p>\n<p style=\"text-align: justify;\"><strong>Consultad los calendarios y plazos de solicitud en los enlaces de cada actividad.<\/strong><\/p>\n<h4>Actividades y recursos para alumnado de infantil<\/h4>\n<ul>\n<li><a href=\"https:\/\/fonspitius.org\/es\/sensibilizacion\/giramon\/\" target=\"_blank\" rel=\"noopener\"><strong>Giram\u00f3n:<\/strong><\/a> exposici\u00f3n guiada para trabajar la interculturalidad con ni\u00f1os y ni\u00f1as de 4 y 5 a\u00f1os.<\/li>\n<li><a href=\"https:\/\/fonspitius.org\/es\/sensibilizacion\/biblioteca-viajera-tatam-el-mon\/\" target=\"_blank\" rel=\"noopener\"><strong>Biblioteca viajera <em>Tatam el m\u00f3n<\/em><\/strong><\/a>: compilaci\u00f3n de cuentos para ni\u00f1os y ni\u00f1as de 0 a 5 a\u00f1os.<\/li>\n<\/ul>\n<h4 style=\"text-align: justify;\">Actividades y recursos para alumnado de<strong> primaria<\/strong><\/h4>\n<ul style=\"text-align: justify;\">\n<li><strong><a href=\"https:\/\/fonspitius.org\/es\/sensibilizacion\/la-paz-y-la-no-violencia-taller-primaria\/\" target=\"_blank\" rel=\"noopener\">Paz y noviolencia<\/a><\/strong>: Taller para 1\u00ba y 2\u00ba de primaria.<\/li>\n<li><a href=\"https:\/\/fonspitius.org\/es\/sensibilizacion\/comprender-las-migraciones\/\" target=\"_blank\" rel=\"noopener\"><strong>Migraciones y Interculturalidad<\/strong><\/a>: Taller para 3\u00ba y 4\u00ba\u00a0 de primaria.<\/li>\n<li><strong><a href=\"https:\/\/fonspitius.org\/es\/sensibilizacion\/gimcana-ponte-en-sus-zapatos\/\" target=\"_blank\" rel=\"noopener\">Ponte en sus zapatos<\/a><\/strong>: Gincana sobre las migraciones, para 5\u00ba y 6\u00ba de primaria.<\/li>\n<li><a href=\"https:\/\/fonspitius.org\/es\/sensibilizacion\/exposicion-antirrumores\/\" target=\"_blank\" rel=\"noopener\"><strong>Exposici\u00f3n Antirrumores sobre las Personas Migrantes<\/strong><\/a>: exposici\u00f3n de carteles dirigida al \u00faltimo ciclo de primaria y familias .<\/li>\n<li><a href=\"https:\/\/fonspitius.org\/es\/sensibilizacion\/exposicion-mediterraneo\/\" target=\"_blank\" rel=\"noopener\"><strong>Exposici\u00f3n El Mediterr\u00e1neo, un mar de intercambios:<\/strong><\/a> mapa de los intercambios culturales hist\u00f3ricos entre los diferentes pueblos de la cuenca Mediterr\u00e1nea. Para 4\u00ba, 5\u00ba y 6\u00ba.<\/li>\n<li><a href=\"https:\/\/fonspitius.org\/es\/sensibilizacion\/exposicion-la-dona-al-mon\/\" target=\"_blank\" rel=\"noopener\"><strong>Exposici\u00f3n La mujer en el mundo:<\/strong><\/a>\u00a0sobre la situaci\u00f3n de los derechos de les mujeres a diferentes lugares del mundo. A partir de 3\u00ba de primaria y familias.<\/li>\n<li><a href=\"https:\/\/fonspitius.org\/es\/sensibilizacion\/biblioteca-viajera-llegim-el-mon-edicion-2023-2024\/\" target=\"_blank\" rel=\"noopener\"><strong>Biblioteca viajera <em>Llegim el m\u00f3n<\/em><\/strong><\/a>: selecci\u00f3n de cuentos para ni\u00f1os y ni\u00f1as de 6 a 11 a\u00f1os.<\/li>\n<\/ul>\n<h4 style=\"text-align: justify;\">Actividades y recursos para alumnado de <strong>secundaria<\/strong><\/h4>\n<ul>\n<li><strong><a href=\"https:\/\/fonspitius.org\/es\/sensibilizacion\/escape-room-antropoceno-la-sexta-extincion\/\" target=\"_blank\" rel=\"noopener\">Antropoceno, la sexta extinci\u00f3n<\/a>:<\/strong> Escape Room sobre los ODS de la Agenda 2030. Dirigido a ESO, FPB, CFGM y Bachillerato.<\/li>\n<li><strong><a href=\"https:\/\/fonspitius.org\/es\/sensibilizacion\/el-conflicto-paz-violencia\/\" target=\"_blank\" rel=\"noopener\">Conflicto, violencia y paz<\/a>:<\/strong> Taller para 1\u00ba y 2\u00ba de ESO.<\/li>\n<li class=\"fusion-responsive-typography-calculated\" data-fontsize=\"26\" data-lineheight=\"42.12px\"><a href=\"https:\/\/fonspitius.org\/es\/sensibilizacion\/migraciones-discurso-de-odio-falsos-rumores\/\" target=\"_blank\" rel=\"noopener\"><strong>Las migraciones. Paremos el discurso de odio y los falsos rumores<\/strong><\/a>: Taller para 3\u00ba y 4\u00ba de ESO, FPB, CFGM y Bachillerato.<\/li>\n<li><strong><a href=\"https:\/\/fonspitius.org\/es\/sensibilizacion\/seriosament-25-arguments-per-a-la-pau\/\" target=\"_blank\" rel=\"noopener\">En serio, 25 argumentos para la paz en c\u00f3mic<\/a><\/strong>: Exposici\u00f3n sobre paz y noviolencia, dirigida a ESO, FPB, CFGM i Bachillerato.<\/li>\n<li><a href=\"https:\/\/fonspitius.org\/es\/sensibilizacion\/exposicion-antirrumores\/\" target=\"_blank\" rel=\"noopener\"><strong>Exposici\u00f3n Antirrumores sobre las Personas Migrantes<\/strong><\/a>: Exposici\u00f3n de carteles dirigida a ESO, FPB, CFGM i Bachillerato (tambi\u00e9n se ofrece a centros de primaria).<\/li>\n<li><a href=\"https:\/\/fonspitius.org\/es\/sensibilizacion\/exposicion-mediterraneo\/\" target=\"_blank\" rel=\"noopener\"><strong>Exposici\u00f3n El Mediterr\u00e1neo, un mar de intercambios:<\/strong><\/a> Mapa de los intercambios culturales hist\u00f3ricos entre los diferentes pueblos de la cuenca Mediterr\u00e1nea. Para alumnado de ESO.<\/li>\n<\/ul>\n<h4 class=\"fusion-responsive-typography-calculated\" style=\"--fontsize: 18; line-height: 1.33; --minfontsize: 18; text-align: justify;\" data-fontsize=\"18\" data-lineheight=\"23.9333px\">Para continuar aprendiendo&#8230;<\/h4>\n<p style=\"text-align: justify;\">Adem\u00e1s, para todo el profesorado interesado, hemos preparado unos listados de recursos educativos sobre diferentes tem\u00e1ticas de EpTS. Algunos son enlaces a p\u00e1ginas especializadas y otros se encuentran en nuestra <a href=\"https:\/\/fonspitius.org\/es\/biblioteca\/\" target=\"_blank\" rel=\"noopener\"><strong>Biblioteca del Fons.<\/strong><\/a> Tambi\u00e9n pod\u00e9is solicitarlos a trav\u00e9s del correo <a href=\"mailto:educacio@fonspitius.org\">educacio@fonspitius.org.<\/a><\/p>\n<ul style=\"margin-top: -14px; text-align: justify;\">\n<li><a href=\"http:\/\/fonspitius.org\/wp-content\/uploads\/RECURSOS-Pau-i-no-violencia-2022-2023-1.pdf\" target=\"_blank\" rel=\"noopener noreferrer\">Paz y noviolencia<\/a><\/li>\n<li><a href=\"https:\/\/fonspitius.org\/wp-content\/uploads\/Recursos_consum_responsable_21-22.pdf\" target=\"_blank\" rel=\"noopener noreferrer\">Consumo consciente y responsable<\/a><\/li>\n<li><a href=\"https:\/\/fonspitius.org\/wp-content\/uploads\/Recursos-dona_fora-xarxa.pdf\" target=\"_blank\" rel=\"noopener noreferrer\">Igualdad de g\u00e9nero<\/a><\/li>\n<li><a href=\"https:\/\/fonspitius.org\/wp-content\/uploads\/LLISTAT-WEB-RECURSOS-migracions-primaria-2024-25.pdf\" target=\"_blank\" rel=\"noopener\">Migraciones e interculturalidad (recursos primaria)<\/a><\/li>\n<li><a href=\"https:\/\/fonspitius.org\/wp-content\/uploads\/LLISTAT-RECURSOS-migracions-i-racisme-SECUNDARIA-2025-26.pdf\" target=\"_blank\" rel=\"noopener noreferrer\">Migraciones, interculturalidad y antiracismo (recursos secundaria)<\/a><\/li>\n<li><a href=\"https:\/\/fonspitius.org\/wp-content\/uploads\/Recursos_canvi-climatic_21-22.pdf\" target=\"_blank\" rel=\"noopener noreferrer\">Cambio clim\u00e1tico<\/a><\/li>\n<li><a href=\"https:\/\/fonspitius.org\/wp-content\/uploads\/Recursos_drets_dels_infants_21-22.pdf\" target=\"_blank\" rel=\"noopener noreferrer\">Derechos de los ni\u00f1os\/as<\/a><\/li>\n<li><a href=\"http:\/\/fonspitius.org\/wp-content\/uploads\/Recursos_ODS_2022-23.pdf\" target=\"_blank\" rel=\"noopener\">Objetivos de Desarrollo Sostenible (ODS)<\/a><\/li>\n<\/ul>\n<\/div><\/div><\/div><\/div><\/div><div class=\"fusion-fullwidth fullwidth-box fusion-builder-row-2 fusion-flex-container has-pattern-background has-mask-background nonhundred-percent-fullwidth non-hundred-percent-height-scrolling\" style=\"--awb-border-radius-top-left:0px;--awb-border-radius-top-right:0px;--awb-border-radius-bottom-right:0px;--awb-border-radius-bottom-left:0px;--awb-flex-wrap:wrap;\" ><div class=\"fusion-builder-row fusion-row fusion-flex-align-items-flex-start fusion-flex-content-wrap\" style=\"max-width:1393.6px;margin-left: calc(-4% \/ 2 );margin-right: calc(-4% \/ 2 );\"><\/div><\/div><\/p>\n","protected":false},"excerpt":{"rendered":"","protected":false},"author":5,"featured_media":0,"parent":3451,"menu_order":0,"comment_status":"closed","ping_status":"closed","template":"","meta":{"_acf_changed":false,"footnotes":""},"class_list":["post-13486","page","type-page","status-publish","hentry"],"acf":[],"_links":{"self":[{"href":"https:\/\/fonspitius.org\/es\/wp-json\/wp\/v2\/pages\/13486","targetHints":{"allow":["GET"]}}],"collection":[{"href":"https:\/\/fonspitius.org\/es\/wp-json\/wp\/v2\/pages"}],"about":[{"href":"https:\/\/fonspitius.org\/es\/wp-json\/wp\/v2\/types\/page"}],"author":[{"embeddable":true,"href":"https:\/\/fonspitius.org\/es\/wp-json\/wp\/v2\/users\/5"}],"replies":[{"embeddable":true,"href":"https:\/\/fonspitius.org\/es\/wp-json\/wp\/v2\/comments?post=13486"}],"version-history":[{"count":0,"href":"https:\/\/fonspitius.org\/es\/wp-json\/wp\/v2\/pages\/13486\/revisions"}],"up":[{"embeddable":true,"href":"https:\/\/fonspitius.org\/es\/wp-json\/wp\/v2\/pages\/3451"}],"wp:attachment":[{"href":"https:\/\/fonspitius.org\/es\/wp-json\/wp\/v2\/media?parent=13486"}],"curies":[{"name":"wp","href":"https:\/\/api.w.org\/{rel}","templated":true}]}}