{"id":12557,"date":"2022-10-26T10:58:45","date_gmt":"2022-10-26T10:58:45","guid":{"rendered":"https:\/\/fonspitius.org\/?page_id=12557"},"modified":"2024-02-09T12:48:14","modified_gmt":"2024-02-09T12:48:14","slug":"espacio-de-cooperacion","status":"publish","type":"page","link":"https:\/\/fonspitius.org\/es\/espacio-de-cooperacion\/","title":{"rendered":"espacio de cooperaci\u00f3n"},"content":{"rendered":"<div class=\"fusion-fullwidth fullwidth-box fusion-builder-row-1 fusion-flex-container nonhundred-percent-fullwidth non-hundred-percent-height-scrolling\" style=\"--awb-border-radius-top-left:0px;--awb-border-radius-top-right:0px;--awb-border-radius-bottom-right:0px;--awb-border-radius-bottom-left:0px;--awb-flex-wrap:wrap;\" ><div class=\"fusion-builder-row fusion-row fusion-flex-align-items-flex-start fusion-flex-content-wrap\" style=\"max-width:1393.6px;margin-left: calc(-4% \/ 2 );margin-right: calc(-4% \/ 2 );\"><div class=\"fusion-layout-column fusion_builder_column fusion-builder-column-0 fusion_builder_column_1_5 1_5 fusion-flex-column\" style=\"--awb-bg-size:cover;--awb-width-large:20%;--awb-margin-top-large:0px;--awb-spacing-right-large:9.6%;--awb-margin-bottom-large:0px;--awb-spacing-left-large:9.6%;--awb-width-medium:100%;--awb-order-medium:0;--awb-spacing-right-medium:1.92%;--awb-spacing-left-medium:1.92%;--awb-width-small:100%;--awb-order-small:0;--awb-spacing-right-small:1.92%;--awb-spacing-left-small:1.92%;\"><div class=\"fusion-column-wrapper fusion-column-has-shadow fusion-flex-justify-content-flex-start fusion-content-layout-column\"><div class=\"fusion-widget-area awb-widget-area-element fusion-widget-area-1 fusion-content-widget-area\" style=\"--awb-title-size:18px;--awb-title-color:#00a1de;--awb-padding:0px 0px 0px 0px;\"><div class=\"fusion-additional-widget-content\"><\/div><\/div><\/div><\/div><div class=\"fusion-layout-column fusion_builder_column fusion-builder-column-1 fusion_builder_column_4_5 4_5 fusion-flex-column\" style=\"--awb-bg-size:cover;--awb-width-large:80%;--awb-margin-top-large:0px;--awb-spacing-right-large:2.4%;--awb-margin-bottom-large:0px;--awb-spacing-left-large:2.4%;--awb-width-medium:100%;--awb-spacing-right-medium:1.92%;--awb-spacing-left-medium:1.92%;--awb-width-small:100%;--awb-spacing-right-small:1.92%;--awb-spacing-left-small:1.92%;\"><div class=\"fusion-column-wrapper fusion-flex-justify-content-flex-start fusion-content-layout-column\"><div class=\"fusion-text fusion-text-1\"><p style=\"text-align: justify;\">El Espacio de Cooperaci\u00f3n de Eivissa y Formentera es un <strong>\u00f3rgano consultivo y de participaci\u00f3n<\/strong> del Fons Piti\u00fas, integrado por todas aquellas entidades del \u00e1mbito de la cooperaci\u00f3n internacional que tengan sede en nuestras islas y quieran formar parte de \u00e9l.<\/p>\n<p style=\"text-align: justify;\">Fue constituido el 18 de octubre de 2022, con la participaci\u00f3n de las <strong>8 entidades<\/strong> que forman actualmente este espacio: Ayne Espa\u00f1a Trinitarias, Via Oberta a Lauruk, Fundaci\u00f3n Vicente Ferrer, Manos Unidas, Dignidad, Cruz Roja, C\u00e1ritas Diocesana de Ibiza y STEI Intersindical<\/p>\n<p style=\"text-align: justify;\">El <strong>Plenario<\/strong> del Espacio de Cooperaci\u00f3n lo completan la presidencia del Fons, as\u00ed como dos representantes de la Asamblea de socios. Se re\u00fane un m\u00ednimo de dos veces al a\u00f1o, aunque tambi\u00e9n puede reunirse de forma extraordinaria las veces que se crea necesario.<\/p>\n<p style=\"text-align: justify;\">Sus funciones son, entre otras, promover el debate y la reflexi\u00f3n para la definici\u00f3n de la estrategia de cooperaci\u00f3n del Fons en cooperaci\u00f3n y educaci\u00f3n para la transformaci\u00f3n social, as\u00ed como crear sinergias e iniciativas conjuntas entre los diferentes agentes de cooperaci\u00f3n de Eivissa y Formentera.<\/p>\n<p style=\"text-align: justify;\">Su funcionamiento y organizaci\u00f3n est\u00e1 regulado por un <strong>reglamento<\/strong> propio (<a href=\"http:\/\/fonspitius.org\/wp-content\/uploads\/Reglament_Espai_de_Cooperacio.pdf\" target=\"_blank\" rel=\"noopener\">Reglamento Espacio de Cooperaci\u00f3n<\/a>).<\/p>\n<p style=\"text-align: justify;\">Aquellas entidades que quieran entrar a formar parte del Espacio de Cooperaci\u00f3n, tendr\u00e1n que presentar la siguiente\u00a0 <a href=\"http:\/\/fonspitius.org\/wp-content\/uploads\/Sollicitud-entrada-Espai-de-Cooperacio.pdf\" target=\"_blank\" rel=\"noopener\">Solicitud de entrada.<\/a><\/p>\n<\/div><\/div><\/div><\/div><\/div>\n","protected":false},"excerpt":{"rendered":"","protected":false},"author":5,"featured_media":0,"parent":0,"menu_order":0,"comment_status":"closed","ping_status":"closed","template":"","meta":{"_acf_changed":false,"footnotes":""},"class_list":["post-12557","page","type-page","status-publish","hentry"],"acf":[],"_links":{"self":[{"href":"https:\/\/fonspitius.org\/es\/wp-json\/wp\/v2\/pages\/12557","targetHints":{"allow":["GET"]}}],"collection":[{"href":"https:\/\/fonspitius.org\/es\/wp-json\/wp\/v2\/pages"}],"about":[{"href":"https:\/\/fonspitius.org\/es\/wp-json\/wp\/v2\/types\/page"}],"author":[{"embeddable":true,"href":"https:\/\/fonspitius.org\/es\/wp-json\/wp\/v2\/users\/5"}],"replies":[{"embeddable":true,"href":"https:\/\/fonspitius.org\/es\/wp-json\/wp\/v2\/comments?post=12557"}],"version-history":[{"count":0,"href":"https:\/\/fonspitius.org\/es\/wp-json\/wp\/v2\/pages\/12557\/revisions"}],"wp:attachment":[{"href":"https:\/\/fonspitius.org\/es\/wp-json\/wp\/v2\/media?parent=12557"}],"curies":[{"name":"wp","href":"https:\/\/api.w.org\/{rel}","templated":true}]}}