{"id":12553,"date":"2023-07-07T09:56:01","date_gmt":"2023-07-07T09:56:01","guid":{"rendered":"https:\/\/fonspitius.org\/?page_id=12553"},"modified":"2026-02-20T20:20:46","modified_gmt":"2026-02-20T19:20:46","slug":"que-hacemos","status":"publish","type":"page","link":"https:\/\/fonspitius.org\/es\/que-hacemos\/","title":{"rendered":"\u00bfqu\u00e9 hacemos?"},"content":{"rendered":"<div class=\"fusion-fullwidth fullwidth-box fusion-builder-row-1 fusion-flex-container nonhundred-percent-fullwidth non-hundred-percent-height-scrolling\" style=\"--awb-border-radius-top-left:0px;--awb-border-radius-top-right:0px;--awb-border-radius-bottom-right:0px;--awb-border-radius-bottom-left:0px;--awb-flex-wrap:wrap;\" ><div class=\"fusion-builder-row fusion-row fusion-flex-align-items-flex-start fusion-flex-content-wrap\" style=\"max-width:1393.6px;margin-left: calc(-4% \/ 2 );margin-right: calc(-4% \/ 2 );\"><div class=\"fusion-layout-column fusion_builder_column fusion-builder-column-0 fusion_builder_column_1_5 1_5 fusion-flex-column\" style=\"--awb-bg-size:cover;--awb-width-large:20%;--awb-margin-top-large:0px;--awb-spacing-right-large:9.6%;--awb-margin-bottom-large:0px;--awb-spacing-left-large:9.6%;--awb-width-medium:100%;--awb-order-medium:0;--awb-spacing-right-medium:1.92%;--awb-spacing-left-medium:1.92%;--awb-width-small:100%;--awb-order-small:0;--awb-spacing-right-small:1.92%;--awb-spacing-left-small:1.92%;\"><div class=\"fusion-column-wrapper fusion-column-has-shadow fusion-flex-justify-content-flex-start fusion-content-layout-column\"><div class=\"fusion-widget-area awb-widget-area-element fusion-widget-area-1 fusion-content-widget-area\" style=\"--awb-title-size:18px;--awb-title-color:#00a1de;--awb-padding:0px 0px 0px 0px;\"><div class=\"fusion-additional-widget-content\"><\/div><\/div><\/div><\/div><div class=\"fusion-layout-column fusion_builder_column fusion-builder-column-1 fusion_builder_column_4_5 4_5 fusion-flex-column\" style=\"--awb-bg-size:cover;--awb-width-large:80%;--awb-margin-top-large:0px;--awb-spacing-right-large:2.4%;--awb-margin-bottom-large:0px;--awb-spacing-left-large:2.4%;--awb-width-medium:100%;--awb-spacing-right-medium:1.92%;--awb-spacing-left-medium:1.92%;--awb-width-small:100%;--awb-spacing-right-small:1.92%;--awb-spacing-left-small:1.92%;\"><div class=\"fusion-column-wrapper fusion-flex-justify-content-flex-start fusion-content-layout-column\"><div class=\"fusion-text fusion-text-1\"><p style=\"text-align: justify;\">Cada a\u00f1o, la Asamblea de socios del Fons aprueba su plan de acci\u00f3n, en el que se concretan todas las actividades que se ir\u00e1n desarrollando durante el a\u00f1o y el presupuesto correspondiente. Se puede consulta el <span style=\"color: #3366ff;\"><strong>PLAN DE ACCI\u00d3N 2026 <\/strong><span style=\"color: #000000;\">haciendo clic <a href=\"https:\/\/fonspitius.org\/wp-content\/uploads\/Pla-daccio-2026-1.pdf\" target=\"_blank\" rel=\"noopener\"><strong>aqu\u00ed<\/strong>.<\/a><\/span><\/span><\/p>\n<p style=\"text-align: justify;\">Este plan de acci\u00f3n se basa en el modelo de cooperaci\u00f3n que el Fons defini\u00f3 en 2022 a trav\u00e9s de un proceso participativo que implic\u00f3 a las entidades socias y a las ONG que trabajan en cooperaci\u00f3n. Este modelo centra su trabajo en dos ejes estrat\u00e9gicos y 6 objetivos:<\/p>\n<p><span style=\"color: #45aaf7;\"><strong>EJE ESTRAT\u00c9GICO 1 . DERECHOS HUMANOS DE LAS PERSONAS MIGRANTES<\/strong><\/span><\/p>\n<p><span style=\"color: #45aaf7;\">O1.1. <\/span>Apoyar los procesos de desarrollo sostenible en los pa\u00edses de origen de la poblaci\u00f3n migrante.<\/p>\n<p><span style=\"color: #45aaf7;\">O1.2. <\/span>Impulsar la protecci\u00f3n de los derechos humanos de las personas migrantes en origen y destino.<\/p>\n<p><span style=\"color: #45aaf7;\">O1.3. <\/span>Concienciar a la ciudadan\u00eda sobre la naturaleza multidimensional de la movilidad humana.<\/p>\n<p><span style=\"color: #45aaf7;\">O1.4. <\/span>Favorecer la construcci\u00f3n de un espacio com\u00fan de convivencia intercultural.<\/p>\n<p><span style=\"color: #45aaf7;\"><strong>EJE ESTRAT\u00c9GICO 2. SOSTENIBILIDAD MEDIOAMBIENTAL Y RECURSOS NATURALES.<\/strong><\/span><\/p>\n<p><span style=\"color: #45aaf7;\">O2.1.<\/span> Favorecer el derecho humano al agua y su gesti\u00f3n equitativa.<\/p>\n<p><span style=\"color: #3366ff;\"><span style=\"color: #45aaf7;\">O2.2<\/span>. <\/span>Mejorar la adaptaci\u00f3n, mitigaci\u00f3n y resiliencia de los territorios ante el cambio clim\u00e1tico, impulsando procesos de transici\u00f3n energ\u00e9tica, consumo responsable y reducci\u00f3n de residuos, junto con la soberan\u00eda alimentaria.<\/p>\n<p>Para trabajar estos dos ejes, el Fons asume cuatro enfoques transversales a toda la actividad de la asociaci\u00f3n: los <span style=\"color: #3366ff;\">derechos humanos<\/span>, la <span style=\"color: #3366ff;\">sostenibilidad<\/span>, la <span style=\"color: #3366ff;\">mirada feminista<\/span> y la <span style=\"color: #3366ff;\">conexi\u00f3n local-global<\/span>.<\/p>\n<p>Para ver el documento completo del Modelo de Cooperaci\u00f3n del Fons, clica <span style=\"color: #0000ff;\"><a style=\"color: #0000ff;\" href=\"http:\/\/fonspitius.org\/wp-content\/uploads\/Model-de-cooperacio_cat_2022.pdf\" target=\"_blank\" rel=\"noopener\">aqu\u00ed.<\/a><\/span><\/p>\n<p>Tambi\u00e9n se puede consultar el Plan Estrat\u00e9gico 2021-2024 haciendo clic<span style=\"color: #0000ff;\"> <a style=\"color: #0000ff;\" href=\"http:\/\/fonspitius.org\/wp-content\/uploads\/Pla_estrategic_2021-24.pdf\" target=\"_blank\" rel=\"noopener\">aqu\u00ed\u00a0<\/a><\/span><\/p>\n<\/div><\/div><\/div><\/div><\/div>\n","protected":false},"excerpt":{"rendered":"","protected":false},"author":5,"featured_media":0,"parent":0,"menu_order":0,"comment_status":"closed","ping_status":"closed","template":"","meta":{"_acf_changed":false,"footnotes":""},"class_list":["post-12553","page","type-page","status-publish","hentry"],"acf":[],"_links":{"self":[{"href":"https:\/\/fonspitius.org\/es\/wp-json\/wp\/v2\/pages\/12553","targetHints":{"allow":["GET"]}}],"collection":[{"href":"https:\/\/fonspitius.org\/es\/wp-json\/wp\/v2\/pages"}],"about":[{"href":"https:\/\/fonspitius.org\/es\/wp-json\/wp\/v2\/types\/page"}],"author":[{"embeddable":true,"href":"https:\/\/fonspitius.org\/es\/wp-json\/wp\/v2\/users\/5"}],"replies":[{"embeddable":true,"href":"https:\/\/fonspitius.org\/es\/wp-json\/wp\/v2\/comments?post=12553"}],"version-history":[{"count":3,"href":"https:\/\/fonspitius.org\/es\/wp-json\/wp\/v2\/pages\/12553\/revisions"}],"predecessor-version":[{"id":17608,"href":"https:\/\/fonspitius.org\/es\/wp-json\/wp\/v2\/pages\/12553\/revisions\/17608"}],"wp:attachment":[{"href":"https:\/\/fonspitius.org\/es\/wp-json\/wp\/v2\/media?parent=12553"}],"curies":[{"name":"wp","href":"https:\/\/api.w.org\/{rel}","templated":true}]}}