{"id":12549,"date":"2023-07-07T09:30:06","date_gmt":"2023-07-07T09:30:06","guid":{"rendered":"https:\/\/fonspitius.org\/?page_id=12549"},"modified":"2023-07-10T05:27:54","modified_gmt":"2023-07-10T05:27:54","slug":"que-nos-mueve","status":"publish","type":"page","link":"https:\/\/fonspitius.org\/es\/que-nos-mueve\/","title":{"rendered":"\u00bfqu\u00e9 nos mueve?"},"content":{"rendered":"<div class=\"fusion-fullwidth fullwidth-box fusion-builder-row-1 fusion-flex-container nonhundred-percent-fullwidth non-hundred-percent-height-scrolling\" style=\"--awb-border-radius-top-left:0px;--awb-border-radius-top-right:0px;--awb-border-radius-bottom-right:0px;--awb-border-radius-bottom-left:0px;--awb-flex-wrap:wrap;\" ><div class=\"fusion-builder-row fusion-row fusion-flex-align-items-flex-start fusion-flex-content-wrap\" style=\"max-width:1393.6px;margin-left: calc(-4% \/ 2 );margin-right: calc(-4% \/ 2 );\"><div class=\"fusion-layout-column fusion_builder_column fusion-builder-column-0 fusion_builder_column_1_5 1_5 fusion-flex-column\" style=\"--awb-bg-size:cover;--awb-width-large:20%;--awb-margin-top-large:0px;--awb-spacing-right-large:9.6%;--awb-margin-bottom-large:0px;--awb-spacing-left-large:9.6%;--awb-width-medium:100%;--awb-order-medium:0;--awb-spacing-right-medium:1.92%;--awb-spacing-left-medium:1.92%;--awb-width-small:100%;--awb-order-small:0;--awb-spacing-right-small:1.92%;--awb-spacing-left-small:1.92%;\"><div class=\"fusion-column-wrapper fusion-column-has-shadow fusion-flex-justify-content-flex-start fusion-content-layout-column\"><div class=\"fusion-widget-area awb-widget-area-element fusion-widget-area-1 fusion-content-widget-area\" style=\"--awb-title-size:18px;--awb-title-color:#00a1de;--awb-padding:0px 0px 0px 0px;\"><div class=\"fusion-additional-widget-content\"><\/div><\/div><\/div><\/div><div class=\"fusion-layout-column fusion_builder_column fusion-builder-column-1 fusion_builder_column_4_5 4_5 fusion-flex-column\" style=\"--awb-bg-size:cover;--awb-width-large:80%;--awb-margin-top-large:0px;--awb-spacing-right-large:2.4%;--awb-margin-bottom-large:0px;--awb-spacing-left-large:2.4%;--awb-width-medium:100%;--awb-spacing-right-medium:1.92%;--awb-spacing-left-medium:1.92%;--awb-width-small:100%;--awb-spacing-right-small:1.92%;--awb-spacing-left-small:1.92%;\"><div class=\"fusion-column-wrapper fusion-flex-justify-content-flex-start fusion-content-layout-column\"><div class=\"fusion-text fusion-text-1\"><h4>Misi\u00f3n<\/h4>\n<p>Somos una asociaci\u00f3n compuesta por instituciones p\u00fablicas locales de Eivissa y Formentera, que canaliza la solidaridad de este territorio hacia procesos de cambio y justicia social tanto a nivel local como global, con los derechos humanos, la paz, la igualdad y el desarrollo sostenible como ejes centrales.<\/p>\n<p style=\"text-align: justify;\">Trabajamos junto con poblaciones vulnerables y empobrecidas para generar procesos de cooperaci\u00f3n para la transformaci\u00f3n social, e impulsamos iniciativas de educaci\u00f3n para la transformaci\u00f3n social con y para la ciudadan\u00eda de las Pitiusas.<\/p>\n<h4>Visi\u00f3n<\/h4>\n<p style=\"text-align: justify;\">El Fons Piti\u00fas de Cooperaci\u00f3 es una entidad visible y reconocida socialmente por su labor profesional, transparencia y eficiencia en el \u00e1mbito de la cooperaci\u00f3n y de la educaci\u00f3n para la transformaci\u00f3n social.<\/p>\n<p style=\"text-align: justify;\">Una organizaci\u00f3n abierta y cercana a la ciudadan\u00eda, con capacidad de adaptaci\u00f3n y respuesta ante nuevos retos y escenarios. Y un referente para el trabajo en red y la generaci\u00f3n de alianzas que impulsen y acompa\u00f1en procesos de trasformaci\u00f3n social desde un enfoque local-global.<\/p>\n<h4>VALORES<\/h4>\n<ul>\n<li style=\"text-align: justify;\"><strong><em>Solidaridad<\/em><\/strong>. Es el valor central que sustenta nuestra existencia y que nos impulsa a fomentar la cooperaci\u00f3n entre personas, organizaciones y pa\u00edses para hacer frente a las desigualdades e impulsar la transformaci\u00f3n social.<\/li>\n<li style=\"text-align: justify;\"><strong><em>Compromiso<\/em><\/strong>. Las organizaciones que conformamos el Fons Piti\u00fas trabajamos de manera comprometida hacia los objetivos de la entidad y hacia la justicia social a nivel global.<\/li>\n<li style=\"text-align: justify;\"><strong><em>Coherencia<\/em><\/strong>. Entre los valores que promulgamos y las acciones que desarrollamos, tanto a nivel interno como en todas la relaciones, iniciativas y procesos que desarrollamos. El respeto, la igualdad y la cultura de paz son aspectos que gu\u00edan nuestro caminar.<\/li>\n<li style=\"text-align: justify;\"><strong><em>Participaci\u00f3n y colaboraci\u00f3n<\/em><\/strong>. Desarrollamos nuestra labor mediante la integraci\u00f3n y coordinaci\u00f3n de entidades p\u00fablicas y privadas que comparten un mismo fin. Y entendemos la articulaci\u00f3n con otros actores sociales, tanto locales como globales, como una estrategia imprescindible para llevar a cabo nuestra misi\u00f3n y generar cambios sustanciales en las causas estructurales que provocan las desigualdades.<\/li>\n<li style=\"text-align: justify;\"><strong><em>Consenso<\/em><\/strong>. Entendemos la diversidad de entidades que conformamos el Fons Piti\u00fas como una fortaleza, por lo que construimos este espacio compartido desde el di\u00e1logo, el respeto y la escucha para lograr acuerdos eficaces.<\/li>\n<li style=\"text-align: justify;\"><strong><em>Transparencia y profesionalidad<\/em><\/strong>. Nos caracteriza el buen hacer en la gesti\u00f3n de la entidad, desde la confiabilidad, la responsabilidad, la flexibilidad y la capacidad de adaptaci\u00f3n. Compartimos de una forma clara y rigurosa toda la informaci\u00f3n sobre los objetivos que perseguimos, las acciones que realizamos y los recursos utilizados tanto a los actores con los que colaboramos como a la ciudadan\u00eda en general.<\/li>\n<\/ul>\n<\/div><\/div><\/div><\/div><\/div>\n","protected":false},"excerpt":{"rendered":"","protected":false},"author":5,"featured_media":0,"parent":0,"menu_order":0,"comment_status":"closed","ping_status":"closed","template":"","meta":{"_acf_changed":false,"footnotes":""},"class_list":["post-12549","page","type-page","status-publish","hentry"],"acf":[],"_links":{"self":[{"href":"https:\/\/fonspitius.org\/es\/wp-json\/wp\/v2\/pages\/12549","targetHints":{"allow":["GET"]}}],"collection":[{"href":"https:\/\/fonspitius.org\/es\/wp-json\/wp\/v2\/pages"}],"about":[{"href":"https:\/\/fonspitius.org\/es\/wp-json\/wp\/v2\/types\/page"}],"author":[{"embeddable":true,"href":"https:\/\/fonspitius.org\/es\/wp-json\/wp\/v2\/users\/5"}],"replies":[{"embeddable":true,"href":"https:\/\/fonspitius.org\/es\/wp-json\/wp\/v2\/comments?post=12549"}],"version-history":[{"count":0,"href":"https:\/\/fonspitius.org\/es\/wp-json\/wp\/v2\/pages\/12549\/revisions"}],"wp:attachment":[{"href":"https:\/\/fonspitius.org\/es\/wp-json\/wp\/v2\/media?parent=12549"}],"curies":[{"name":"wp","href":"https:\/\/api.w.org\/{rel}","templated":true}]}}